{"id":832,"date":"2025-04-03T10:41:10","date_gmt":"2025-04-03T08:41:10","guid":{"rendered":"https:\/\/www.hviezdnenoci.sk\/?page_id=832"},"modified":"2025-05-15T12:14:06","modified_gmt":"2025-05-15T10:14:06","slug":"simansky-niesner","status":"publish","type":"page","link":"https:\/\/www.hviezdnenoci.sk\/en\/simansky-niesner\/","title":{"rendered":"\u0160imansk\u00fd Niesner  (CZ)"},"content":{"rendered":"<div data-elementor-type=\"wp-page\" data-elementor-id=\"832\" class=\"elementor elementor-832\" data-elementor-post-type=\"page\">\n\t\t\t\t<div class=\"elementor-element elementor-element-5b45d8e e-flex e-con-boxed e-con e-parent\" data-id=\"5b45d8e\" data-element_type=\"container\" data-e-type=\"container\" data-settings=\"{&quot;background_background&quot;:&quot;classic&quot;}\">\n\t\t\t\t\t<div class=\"e-con-inner\">\n\t\t\t\t<div class=\"elementor-element elementor-element-2c6b520 elementor-widget elementor-widget-heading\" data-id=\"2c6b520\" data-element_type=\"widget\" data-e-type=\"widget\" data-widget_type=\"heading.default\">\n\t\t\t\t<div class=\"elementor-widget-container\">\n\t\t\t\t\t<h2 class=\"elementor-heading-title elementor-size-default\">\u0160imansk\u00fd Niesner  (CZ)<\/h2>\t\t\t\t<\/div>\n\t\t\t\t<\/div>\n\t\t\t\t<div class=\"elementor-element elementor-element-f6098f2 elementor-widget elementor-widget-heading\" data-id=\"f6098f2\" data-element_type=\"widget\" data-e-type=\"widget\" data-widget_type=\"heading.default\">\n\t\t\t\t<div class=\"elementor-widget-container\">\n\t\t\t\t\t<h2 class=\"elementor-heading-title elementor-size-default\">(Outsider experimental folk)<\/h2>\t\t\t\t<\/div>\n\t\t\t\t<\/div>\n\t\t\t\t\t<\/div>\n\t\t\t\t<\/div>\n\t\t<div class=\"elementor-element elementor-element-a8484dd e-flex e-con-boxed e-con e-parent\" data-id=\"a8484dd\" data-element_type=\"container\" data-e-type=\"container\" data-settings=\"{&quot;background_background&quot;:&quot;classic&quot;}\">\n\t\t\t\t\t<div class=\"e-con-inner\">\n\t\t<div class=\"elementor-element elementor-element-99906d3 e-con-full e-flex e-con e-child\" data-id=\"99906d3\" data-element_type=\"container\" data-e-type=\"container\">\n\t\t\t\t<div class=\"elementor-element elementor-element-15ab901 elementor-widget elementor-widget-image\" data-id=\"15ab901\" data-element_type=\"widget\" data-e-type=\"widget\" data-widget_type=\"image.default\">\n\t\t\t\t<div class=\"elementor-widget-container\">\n\t\t\t\t\t\t\t\t\t\t\t\t\t\t\t<img fetchpriority=\"high\" decoding=\"async\" width=\"600\" height=\"869\" src=\"https:\/\/www.hviezdnenoci.sk\/wp-content\/uploads\/2025\/04\/3.jpg\" class=\"attachment-full size-full wp-image-883\" alt=\"\" srcset=\"https:\/\/www.hviezdnenoci.sk\/wp-content\/uploads\/2025\/04\/3.jpg 600w, https:\/\/www.hviezdnenoci.sk\/wp-content\/uploads\/2025\/04\/3-207x300.jpg 207w\" sizes=\"(max-width: 600px) 100vw, 600px\" \/>\t\t\t\t\t\t\t\t\t\t\t\t\t\t\t<\/div>\n\t\t\t\t<\/div>\n\t\t\t\t<\/div>\n\t\t<div class=\"elementor-element elementor-element-81f7c78 e-con-full e-flex e-con e-child\" data-id=\"81f7c78\" data-element_type=\"container\" data-e-type=\"container\">\n\t\t\t\t<div class=\"elementor-element elementor-element-b00195b elementor-widget-mobile__width-inherit elementor-widget elementor-widget-heading\" data-id=\"b00195b\" data-element_type=\"widget\" data-e-type=\"widget\" data-widget_type=\"heading.default\">\n\t\t\t\t<div class=\"elementor-widget-container\">\n\t\t\t\t\t<h2 class=\"elementor-heading-title elementor-size-default\">Outsider folk, Appalachian traditional music or American primitivism? Guitar duo Jakub \u0160\u00edmansk\u00fd and Tom\u00e1\u0161 Niesner combine various influences of traditional and non-traditional music into their semi-acoustic blues, during which the listener can subtly drift off into a lucid reverie.<\/h2>\t\t\t\t<\/div>\n\t\t\t\t<\/div>\n\t\t\t\t<div class=\"elementor-element elementor-element-9e40d43 elementor-widget elementor-widget-button\" data-id=\"9e40d43\" data-element_type=\"widget\" data-e-type=\"widget\" data-widget_type=\"button.default\">\n\t\t\t\t<div class=\"elementor-widget-container\">\n\t\t\t\t\t\t\t\t\t<div class=\"elementor-button-wrapper\">\n\t\t\t\t\t<a class=\"elementor-button elementor-button-link elementor-size-sm\" href=\"https:\/\/tootoot.fm\/sk\/events\/67e9541ed1701aca91facc18?fbclid=IwY2xjawJWNstleHRuA2FlbQIxMAABHTOmJrqtaKCokzYyouyLUFQVsP2Fl_hWDtzUbWKwM3F4eMlP24u1ZzFxQA_aem_IwkBuMP0JNcdpVACPuPyhA\" target=\"_blank\" rel=\"noopener\">\n\t\t\t\t\t\t<span class=\"elementor-button-content-wrapper\">\n\t\t\t\t\t\t\t\t\t<span class=\"elementor-button-text\">Tickets<\/span>\n\t\t\t\t\t<\/span>\n\t\t\t\t\t<\/a>\n\t\t\t\t<\/div>\n\t\t\t\t\t\t\t\t<\/div>\n\t\t\t\t<\/div>\n\t\t\t\t<div class=\"elementor-element elementor-element-404f53c elementor-widget elementor-widget-html\" data-id=\"404f53c\" data-element_type=\"widget\" data-e-type=\"widget\" data-widget_type=\"html.default\">\n\t\t\t\t<div class=\"elementor-widget-container\">\n\t\t\t\t\t<iframe width=\"560\" height=\"416\" data-src=\"https:\/\/www.youtube.com\/embed\/kXMspgo2fKs?si=u4VCdkydqyWz63DQ&amp;controls=0&amp;start=58\" title=\"YouTube video player\" frameborder=\"0\" allow=\"accelerometer; autoplay; clipboard-write; encrypted-media; gyroscope; picture-in-picture; web-share\" referrerpolicy=\"strict-origin-when-cross-origin\" allowfullscreen src=\"data:image\/svg+xml;base64,PHN2ZyB3aWR0aD0iMSIgaGVpZ2h0PSIxIiB4bWxucz0iaHR0cDovL3d3dy53My5vcmcvMjAwMC9zdmciPjwvc3ZnPg==\" class=\"lazyload\" data-load-mode=\"1\"><\/iframe>\t\t\t\t<\/div>\n\t\t\t\t<\/div>\n\t\t\t\t<\/div>\n\t\t\t\t\t<\/div>\n\t\t\t\t<\/div>\n\t\t\t\t<\/div>","protected":false},"excerpt":{"rendered":"<p>\u0160imansk\u00fd Niesner (CZ) (Outsider experimental folk) Outsider folk, apala\u0161sk\u00e1 tradi\u010dn\u00e1 hudba alebo americk\u00fd primitivismus? Gitarov\u00e9 duo Jakub \u0160\u00edmansk\u00fd a Tom\u00e1\u0161 Niesner kombinuj\u00fa r\u00f4zne vplyvy tradi\u010dnej aj netradi\u010dnej hudby do svojho poloakustick\u00e9ho blues, pri ktorom si posluch\u00e1\u010d dok\u00e1\u017ee nen\u00e1padne odsko\u010di\u0165 do lucidn\u00e9ho snenia. Vstupenky<\/p>","protected":false},"author":1,"featured_media":0,"parent":0,"menu_order":0,"comment_status":"closed","ping_status":"closed","template":"elementor_header_footer","meta":{"_acf_changed":false,"inline_featured_image":false,"footnotes":""},"class_list":["post-832","page","type-page","status-publish","hentry"],"acf":[],"_links":{"self":[{"href":"https:\/\/www.hviezdnenoci.sk\/en\/wp-json\/wp\/v2\/pages\/832","targetHints":{"allow":["GET"]}}],"collection":[{"href":"https:\/\/www.hviezdnenoci.sk\/en\/wp-json\/wp\/v2\/pages"}],"about":[{"href":"https:\/\/www.hviezdnenoci.sk\/en\/wp-json\/wp\/v2\/types\/page"}],"author":[{"embeddable":true,"href":"https:\/\/www.hviezdnenoci.sk\/en\/wp-json\/wp\/v2\/users\/1"}],"replies":[{"embeddable":true,"href":"https:\/\/www.hviezdnenoci.sk\/en\/wp-json\/wp\/v2\/comments?post=832"}],"version-history":[{"count":36,"href":"https:\/\/www.hviezdnenoci.sk\/en\/wp-json\/wp\/v2\/pages\/832\/revisions"}],"predecessor-version":[{"id":2289,"href":"https:\/\/www.hviezdnenoci.sk\/en\/wp-json\/wp\/v2\/pages\/832\/revisions\/2289"}],"wp:attachment":[{"href":"https:\/\/www.hviezdnenoci.sk\/en\/wp-json\/wp\/v2\/media?parent=832"}],"curies":[{"name":"wp","href":"https:\/\/api.w.org\/{rel}","templated":true}]}}