{"id":822,"date":"2025-04-03T10:39:25","date_gmt":"2025-04-03T08:39:25","guid":{"rendered":"https:\/\/www.hviezdnenoci.sk\/?page_id=822"},"modified":"2025-05-15T11:59:29","modified_gmt":"2025-05-15T09:59:29","slug":"jrpjej","status":"publish","type":"page","link":"https:\/\/www.hviezdnenoci.sk\/en\/jrpjej\/","title":{"rendered":"Jrpjej (NC)"},"content":{"rendered":"<div data-elementor-type=\"wp-page\" data-elementor-id=\"822\" class=\"elementor elementor-822\" data-elementor-post-type=\"page\">\n\t\t\t\t<div class=\"elementor-element elementor-element-5b45d8e e-flex e-con-boxed e-con e-parent\" data-id=\"5b45d8e\" data-element_type=\"container\" data-e-type=\"container\" data-settings=\"{&quot;background_background&quot;:&quot;classic&quot;}\">\n\t\t\t\t\t<div class=\"e-con-inner\">\n\t\t\t\t<div class=\"elementor-element elementor-element-2c6b520 elementor-widget elementor-widget-heading\" data-id=\"2c6b520\" data-element_type=\"widget\" data-e-type=\"widget\" data-widget_type=\"heading.default\">\n\t\t\t\t<div class=\"elementor-widget-container\">\n\t\t\t\t\t<h2 class=\"elementor-heading-title elementor-size-default\">Jrpjej (NC)\n<\/h2>\t\t\t\t<\/div>\n\t\t\t\t<\/div>\n\t\t\t\t<div class=\"elementor-element elementor-element-f6098f2 elementor-widget elementor-widget-heading\" data-id=\"f6098f2\" data-element_type=\"widget\" data-e-type=\"widget\" data-widget_type=\"heading.default\">\n\t\t\t\t<div class=\"elementor-widget-container\">\n\t\t\t\t\t<h2 class=\"elementor-heading-title elementor-size-default\">(Post-traditional music)<\/h2>\t\t\t\t<\/div>\n\t\t\t\t<\/div>\n\t\t\t\t\t<\/div>\n\t\t\t\t<\/div>\n\t\t<div class=\"elementor-element elementor-element-a8484dd e-flex e-con-boxed e-con e-parent\" data-id=\"a8484dd\" data-element_type=\"container\" data-e-type=\"container\" data-settings=\"{&quot;background_background&quot;:&quot;classic&quot;}\">\n\t\t\t\t\t<div class=\"e-con-inner\">\n\t\t<div class=\"elementor-element elementor-element-99906d3 e-con-full e-flex e-con e-child\" data-id=\"99906d3\" data-element_type=\"container\" data-e-type=\"container\">\n\t\t\t\t<div class=\"elementor-element elementor-element-15ab901 elementor-widget elementor-widget-image\" data-id=\"15ab901\" data-element_type=\"widget\" data-e-type=\"widget\" data-widget_type=\"image.default\">\n\t\t\t\t<div class=\"elementor-widget-container\">\n\t\t\t\t\t\t\t\t\t\t\t\t\t\t\t<img fetchpriority=\"high\" decoding=\"async\" width=\"600\" height=\"869\" src=\"https:\/\/www.hviezdnenoci.sk\/wp-content\/uploads\/2025\/04\/jdsds.jpg\" class=\"attachment-full size-full wp-image-886\" alt=\"\" srcset=\"https:\/\/www.hviezdnenoci.sk\/wp-content\/uploads\/2025\/04\/jdsds.jpg 600w, https:\/\/www.hviezdnenoci.sk\/wp-content\/uploads\/2025\/04\/jdsds-207x300.jpg 207w\" sizes=\"(max-width: 600px) 100vw, 600px\" \/>\t\t\t\t\t\t\t\t\t\t\t\t\t\t\t<\/div>\n\t\t\t\t<\/div>\n\t\t\t\t<\/div>\n\t\t<div class=\"elementor-element elementor-element-81f7c78 e-con-full e-flex e-con e-child\" data-id=\"81f7c78\" data-element_type=\"container\" data-e-type=\"container\">\n\t\t\t\t<div class=\"elementor-element elementor-element-b00195b elementor-widget-mobile__width-inherit elementor-widget elementor-widget-heading\" data-id=\"b00195b\" data-element_type=\"widget\" data-e-type=\"widget\" data-widget_type=\"heading.default\">\n\t\t\t\t<div class=\"elementor-widget-container\">\n\t\t\t\t\t<h2 class=\"elementor-heading-title elementor-size-default\">The Jrpjej band reinterprets the old music of the North Caucasus in a specific acoustic composition. Traditional instruments with unusual melodies and arrangements. At the Starry Nights they will perform in a new line-up led by singer Svetlana Mamresh.<\/h2>\t\t\t\t<\/div>\n\t\t\t\t<\/div>\n\t\t\t\t<div class=\"elementor-element elementor-element-6c965ab elementor-widget elementor-widget-button\" data-id=\"6c965ab\" data-element_type=\"widget\" data-e-type=\"widget\" data-widget_type=\"button.default\">\n\t\t\t\t<div class=\"elementor-widget-container\">\n\t\t\t\t\t\t\t\t\t<div class=\"elementor-button-wrapper\">\n\t\t\t\t\t<a class=\"elementor-button elementor-button-link elementor-size-sm\" href=\"https:\/\/tootoot.fm\/sk\/events\/67e9541ed1701aca91facc18?fbclid=IwY2xjawJWNstleHRuA2FlbQIxMAABHTOmJrqtaKCokzYyouyLUFQVsP2Fl_hWDtzUbWKwM3F4eMlP24u1ZzFxQA_aem_IwkBuMP0JNcdpVACPuPyhA\" target=\"_blank\" rel=\"noopener\">\n\t\t\t\t\t\t<span class=\"elementor-button-content-wrapper\">\n\t\t\t\t\t\t\t\t\t<span class=\"elementor-button-text\">Tickets<\/span>\n\t\t\t\t\t<\/span>\n\t\t\t\t\t<\/a>\n\t\t\t\t<\/div>\n\t\t\t\t\t\t\t\t<\/div>\n\t\t\t\t<\/div>\n\t\t\t\t<div class=\"elementor-element elementor-element-567d933 elementor-widget elementor-widget-html\" data-id=\"567d933\" data-element_type=\"widget\" data-e-type=\"widget\" data-widget_type=\"html.default\">\n\t\t\t\t<div class=\"elementor-widget-container\">\n\t\t\t\t\t<iframe width=\"560\" height=\"416\" data-src=\"https:\/\/www.youtube.com\/embed\/TgP4khTAr5Y?si=GY9vaX46srlcbhaj&amp;controls=0\" title=\"YouTube video player\" frameborder=\"0\" allow=\"accelerometer; autoplay; clipboard-write; encrypted-media; gyroscope; picture-in-picture; web-share\" referrerpolicy=\"strict-origin-when-cross-origin\" allowfullscreen src=\"data:image\/svg+xml;base64,PHN2ZyB3aWR0aD0iMSIgaGVpZ2h0PSIxIiB4bWxucz0iaHR0cDovL3d3dy53My5vcmcvMjAwMC9zdmciPjwvc3ZnPg==\" class=\"lazyload\" data-load-mode=\"1\"><\/iframe>\t\t\t\t<\/div>\n\t\t\t\t<\/div>\n\t\t\t\t<\/div>\n\t\t\t\t\t<\/div>\n\t\t\t\t<\/div>\n\t\t\t\t<\/div>","protected":false},"excerpt":{"rendered":"<p>Jrpjej (NC) (Post-tradi\u010dn\u00e1 hudba) Skupina Jrpjej reinterpretuje star\u00fa hudbu Severn\u00e9ho Kaukazu v \u0161pecifickom akustickom zlo\u017een\u00ed. Tradi\u010dn\u00e9 n\u00e1stroje s netradi\u010dn\u00fdmi mel\u00f3diami a aran\u017em\u00e1nmi. Na Hviezdnycn nociach vyst\u00fapia v novej zostave na \u010dele so spev\u00e1\u010dkou Svetlanou Mamresh. Vstupenky<\/p>","protected":false},"author":1,"featured_media":0,"parent":0,"menu_order":0,"comment_status":"closed","ping_status":"closed","template":"elementor_header_footer","meta":{"_acf_changed":false,"inline_featured_image":false,"footnotes":""},"class_list":["post-822","page","type-page","status-publish","hentry"],"acf":[],"_links":{"self":[{"href":"https:\/\/www.hviezdnenoci.sk\/en\/wp-json\/wp\/v2\/pages\/822","targetHints":{"allow":["GET"]}}],"collection":[{"href":"https:\/\/www.hviezdnenoci.sk\/en\/wp-json\/wp\/v2\/pages"}],"about":[{"href":"https:\/\/www.hviezdnenoci.sk\/en\/wp-json\/wp\/v2\/types\/page"}],"author":[{"embeddable":true,"href":"https:\/\/www.hviezdnenoci.sk\/en\/wp-json\/wp\/v2\/users\/1"}],"replies":[{"embeddable":true,"href":"https:\/\/www.hviezdnenoci.sk\/en\/wp-json\/wp\/v2\/comments?post=822"}],"version-history":[{"count":57,"href":"https:\/\/www.hviezdnenoci.sk\/en\/wp-json\/wp\/v2\/pages\/822\/revisions"}],"predecessor-version":[{"id":2251,"href":"https:\/\/www.hviezdnenoci.sk\/en\/wp-json\/wp\/v2\/pages\/822\/revisions\/2251"}],"wp:attachment":[{"href":"https:\/\/www.hviezdnenoci.sk\/en\/wp-json\/wp\/v2\/media?parent=822"}],"curies":[{"name":"wp","href":"https:\/\/api.w.org\/{rel}","templated":true}]}}