{"id":3886,"date":"2026-04-19T18:24:38","date_gmt":"2026-04-19T16:24:38","guid":{"rendered":"https:\/\/www.hviezdnenoci.sk\/?page_id=3886"},"modified":"2026-04-26T22:56:19","modified_gmt":"2026-04-26T20:56:19","slug":"peter-lipa-band-hviezdne-noci","status":"publish","type":"page","link":"https:\/\/www.hviezdnenoci.sk\/en\/peter-lipa-band-hviezdne-noci\/","title":{"rendered":"PETER LIPA BAND \/ Hviezdne noci"},"content":{"rendered":"<div data-elementor-type=\"wp-page\" data-elementor-id=\"3886\" class=\"elementor elementor-3886\" data-elementor-post-type=\"page\">\n\t\t\t\t<div class=\"elementor-element elementor-element-5b45d8e e-flex e-con-boxed e-con e-parent\" data-id=\"5b45d8e\" data-element_type=\"container\" data-e-type=\"container\" data-settings=\"{&quot;background_background&quot;:&quot;classic&quot;}\">\n\t\t\t\t\t<div class=\"e-con-inner\">\n\t\t\t\t<div class=\"elementor-element elementor-element-f6098f2 elementor-widget elementor-widget-heading\" data-id=\"f6098f2\" data-element_type=\"widget\" data-e-type=\"widget\" data-widget_type=\"heading.default\">\n\t\t\t\t<div class=\"elementor-widget-container\">\n\t\t\t\t\t<h2 class=\"elementor-heading-title elementor-size-default\">3.5. o 18:00\nSob\u00e1\u0161ny pal\u00e1c, Byt\u010da<\/h2>\t\t\t\t<\/div>\n\t\t\t\t<\/div>\n\t\t\t\t<div class=\"elementor-element elementor-element-2c6b520 elementor-widget elementor-widget-heading\" data-id=\"2c6b520\" data-element_type=\"widget\" data-e-type=\"widget\" data-widget_type=\"heading.default\">\n\t\t\t\t<div class=\"elementor-widget-container\">\n\t\t\t\t\t<h2 class=\"elementor-heading-title elementor-size-default\">PETER LIPA BAND + ZABI\u0164 FRANTI\u0160KA<\/h2>\t\t\t\t<\/div>\n\t\t\t\t<\/div>\n\t\t\t\t\t<\/div>\n\t\t\t\t<\/div>\n\t\t<div class=\"elementor-element elementor-element-a8484dd e-flex e-con-boxed e-con e-parent\" data-id=\"a8484dd\" data-element_type=\"container\" data-e-type=\"container\" data-settings=\"{&quot;background_background&quot;:&quot;classic&quot;}\">\n\t\t\t\t\t<div class=\"e-con-inner\">\n\t\t<div class=\"elementor-element elementor-element-99906d3 e-con-full e-flex e-con e-child\" data-id=\"99906d3\" data-element_type=\"container\" data-e-type=\"container\">\n\t\t\t\t<div class=\"elementor-element elementor-element-15ab901 elementor-widget elementor-widget-image\" data-id=\"15ab901\" data-element_type=\"widget\" data-e-type=\"widget\" data-widget_type=\"image.default\">\n\t\t\t\t<div class=\"elementor-widget-container\">\n\t\t\t\t\t\t\t\t\t\t\t\t\t\t\t<img fetchpriority=\"high\" decoding=\"async\" width=\"1296\" height=\"864\" src=\"https:\/\/www.hviezdnenoci.sk\/wp-content\/uploads\/2026\/04\/244642345_264969282299112_871552012866729115_n.jpg\" class=\"attachment-full size-full wp-image-3882\" alt=\"\" srcset=\"https:\/\/www.hviezdnenoci.sk\/wp-content\/uploads\/2026\/04\/244642345_264969282299112_871552012866729115_n.jpg 1296w, https:\/\/www.hviezdnenoci.sk\/wp-content\/uploads\/2026\/04\/244642345_264969282299112_871552012866729115_n-300x200.jpg 300w, https:\/\/www.hviezdnenoci.sk\/wp-content\/uploads\/2026\/04\/244642345_264969282299112_871552012866729115_n-1024x683.jpg 1024w, https:\/\/www.hviezdnenoci.sk\/wp-content\/uploads\/2026\/04\/244642345_264969282299112_871552012866729115_n-768x512.jpg 768w, https:\/\/www.hviezdnenoci.sk\/wp-content\/uploads\/2026\/04\/244642345_264969282299112_871552012866729115_n-18x12.jpg 18w\" sizes=\"(max-width: 1296px) 100vw, 1296px\" \/>\t\t\t\t\t\t\t\t\t\t\t\t\t\t\t<\/div>\n\t\t\t\t<\/div>\n\t\t\t\t<\/div>\n\t\t<div class=\"elementor-element elementor-element-81f7c78 e-con-full e-flex e-con e-child\" data-id=\"81f7c78\" data-element_type=\"container\" data-e-type=\"container\">\n\t\t\t\t<div class=\"elementor-element elementor-element-b00195b elementor-widget-mobile__width-inherit elementor-widget elementor-widget-heading\" data-id=\"b00195b\" data-element_type=\"widget\" data-e-type=\"widget\" data-widget_type=\"heading.default\">\n\t\t\t\t<div class=\"elementor-widget-container\">\n\t\t\t\t\t<h2 class=\"elementor-heading-title elementor-size-default\">Predpredaj - 25\u20ac\nNa mieste - 30\u20ac (v pr\u00edpade nevypredania)<\/h2>\t\t\t\t<\/div>\n\t\t\t\t<\/div>\n\t\t\t\t<div class=\"elementor-element elementor-element-43cd026 elementor-widget-mobile__width-inherit elementor-widget elementor-widget-heading\" data-id=\"43cd026\" data-element_type=\"widget\" data-e-type=\"widget\" data-widget_type=\"heading.default\">\n\t\t\t\t<div class=\"elementor-widget-container\">\n\t\t\t\t\t<h2 class=\"elementor-heading-title elementor-size-default\">3.5. o 18:00\nSob\u00e1\u0161ny pal\u00e1c, Byt\u010da<\/h2>\t\t\t\t<\/div>\n\t\t\t\t<\/div>\n\t\t\t\t<div class=\"elementor-element elementor-element-50db25d elementor-widget elementor-widget-button\" data-id=\"50db25d\" data-element_type=\"widget\" data-e-type=\"widget\" data-widget_type=\"button.default\">\n\t\t\t\t<div class=\"elementor-widget-container\">\n\t\t\t\t\t\t\t\t\t<div class=\"elementor-button-wrapper\">\n\t\t\t\t\t<a class=\"elementor-button elementor-button-link elementor-size-sm\" href=\"https:\/\/tootoot.fm\/en\/events\/69d74062420351705cbdf8f4?fbclid=IwY2xjawRR4XNleHRuA2FlbQIxMABicmlkETF3bkZoaGlXZ1dQRnhYTnNLc3J0YwZhcHBfaWQQMjIyMDM5MTc4ODIwMDg5MgABHgCOh3LhchuF-kyZ0myMqtMTbpYjRmTvjo_w34V7fsrrhO0U-aVeRV4c7tHC_aem_X6uXUEQ3lDSEt70BLb7Uqw\" target=\"_blank\" rel=\"noopener\">\n\t\t\t\t\t\t<span class=\"elementor-button-content-wrapper\">\n\t\t\t\t\t\t\t\t\t<span class=\"elementor-button-text\">Tickets<\/span>\n\t\t\t\t\t<\/span>\n\t\t\t\t\t<\/a>\n\t\t\t\t<\/div>\n\t\t\t\t\t\t\t\t<\/div>\n\t\t\t\t<\/div>\n\t\t\t\t<div class=\"elementor-element elementor-element-0322c0b elementor-widget-mobile__width-inherit elementor-widget elementor-widget-heading\" data-id=\"0322c0b\" data-element_type=\"widget\" data-e-type=\"widget\" data-widget_type=\"heading.default\">\n\t\t\t\t<div class=\"elementor-widget-container\">\n\t\t\t\t\t<h2 class=\"elementor-heading-title elementor-size-default\">Peter Lipa vyst\u00fapi v r\u00e1mci koncertnej s\u00e9rie Hviezdnych noc\u00ed a nadvia\u017ee tak na febru\u00e1rov\u00fa n\u00e1v\u0161tevu Sob\u00e1\u0161neho pal\u00e1ca s Denisom Bangom. <\/h2>\t\t\t\t<\/div>\n\t\t\t\t<\/div>\n\t\t\t\t<div class=\"elementor-element elementor-element-9efefe7 elementor-widget-mobile__width-inherit elementor-widget elementor-widget-heading\" data-id=\"9efefe7\" data-element_type=\"widget\" data-e-type=\"widget\" data-widget_type=\"heading.default\">\n\t\t\t\t<div class=\"elementor-widget-container\">\n\t\t\t\t\t<h2 class=\"elementor-heading-title elementor-size-default\">Peter Lipa<\/h2>\t\t\t\t<\/div>\n\t\t\t\t<\/div>\n\t\t\t\t<div class=\"elementor-element elementor-element-c7794db elementor-widget-mobile__width-inherit elementor-widget elementor-widget-heading\" data-id=\"c7794db\" data-element_type=\"widget\" data-e-type=\"widget\" data-widget_type=\"heading.default\">\n\t\t\t\t<div class=\"elementor-widget-container\">\n\t\t\t\t\t<h2 class=\"elementor-heading-title elementor-size-default\">Peter Lipa je jednou z najv\u00fdznamnej\u0161\u00edch osobnost\u00ed slovensk\u00e9ho jazzu, ktor\u00e9ho \u0161pecifikum tkvie v napojen\u00ed na blues a d\u00f4raze na r\u00f4znorod\u00fd spev. Ide o hudobn\u00edka, ktor\u00e9ho netreba bli\u017e\u0161ie predstavova\u0165. Postava u\u017e s kultov\u00fdm statusom sa spolu s kapelou predstav\u00ed v renesan\u010dnej sieni Sob\u00e1\u0161neho pal\u00e1ca v Byt\u010di. Zaznie prierez tvorbou a pripomenieme si aj odkaz a dielo jeho priate\u013ea a bl\u00edzkeho kolegu Milana Lasicu.<\/h2>\t\t\t\t<\/div>\n\t\t\t\t<\/div>\n\t\t\t\t<div class=\"elementor-element elementor-element-982c68b elementor-widget elementor-widget-html\" data-id=\"982c68b\" data-element_type=\"widget\" data-e-type=\"widget\" data-widget_type=\"html.default\">\n\t\t\t\t<div class=\"elementor-widget-container\">\n\t\t\t\t\t<iframe width=\"560\" height=\"315\" data-src=\"https:\/\/www.youtube.com\/embed\/bIoCXJr-my4?si=FszTxlVwjhTi4hXN\" title=\"YouTube video player\" frameborder=\"0\" allow=\"accelerometer; autoplay; clipboard-write; encrypted-media; gyroscope; picture-in-picture; web-share\" referrerpolicy=\"strict-origin-when-cross-origin\" allowfullscreen src=\"data:image\/svg+xml;base64,PHN2ZyB3aWR0aD0iMSIgaGVpZ2h0PSIxIiB4bWxucz0iaHR0cDovL3d3dy53My5vcmcvMjAwMC9zdmciPjwvc3ZnPg==\" class=\"lazyload\" data-load-mode=\"1\"><\/iframe>\t\t\t\t<\/div>\n\t\t\t\t<\/div>\n\t\t\t\t<div class=\"elementor-element elementor-element-3e37ab1 elementor-widget-mobile__width-inherit elementor-widget elementor-widget-heading\" data-id=\"3e37ab1\" data-element_type=\"widget\" data-e-type=\"widget\" data-widget_type=\"heading.default\">\n\t\t\t\t<div class=\"elementor-widget-container\">\n\t\t\t\t\t<h2 class=\"elementor-heading-title elementor-size-default\">ZABI\u0164 FRANTI\u0160KA<\/h2>\t\t\t\t<\/div>\n\t\t\t\t<\/div>\n\t\t\t\t<div class=\"elementor-element elementor-element-0b7b92a elementor-widget-mobile__width-inherit elementor-widget elementor-widget-heading\" data-id=\"0b7b92a\" data-element_type=\"widget\" data-e-type=\"widget\" data-widget_type=\"heading.default\">\n\t\t\t\t<div class=\"elementor-widget-container\">\n\t\t\t\t\t<h2 class=\"elementor-heading-title elementor-size-default\">Program otvor\u00ed pesni\u010dk\u00e1r Zabi\u0165 Franti\u0161ka. Za pseudonymom stoj\u00ed Samuel Koval\u010d\u00edk. V jeho alt-folkovej tvorbe sa stret\u00e1va nie\u010do miestne a z\u00e1rove\u0148 osobit\u00e9, in\u00e9 a s\u010dasti exotick\u00e9, na \u010do m\u00e1 zrejme vplyv aj Samuelov polovi\u010dn\u00fd jord\u00e1nsky p\u00f4vod.\nPoetick\u00e9 texty s\u00fa ve\u013emi osobn\u00fdmi, int\u00edmnymi pr\u00edbehmi, \u010dasto prerozpr\u00e1van\u00fdmi v prvej osobe. Mnohokr\u00e1t v\u0161ak maj\u00fa aj filozofick\u00fd rozmer a nes\u00fa odkaz o stereotypoch, krivd\u00e1ch \u010di defektoch na\u0161ej spolo\u010dnosti.<\/h2>\t\t\t\t<\/div>\n\t\t\t\t<\/div>\n\t\t\t\t<div class=\"elementor-element elementor-element-5931b60 elementor-widget elementor-widget-html\" data-id=\"5931b60\" data-element_type=\"widget\" data-e-type=\"widget\" data-widget_type=\"html.default\">\n\t\t\t\t<div class=\"elementor-widget-container\">\n\t\t\t\t\t<iframe width=\"560\" height=\"315\" data-src=\"https:\/\/www.youtube.com\/embed\/SZZ1SpsU_YU?si=H_q0mHtWra8W32zX\" title=\"YouTube video player\" frameborder=\"0\" allow=\"accelerometer; autoplay; clipboard-write; encrypted-media; gyroscope; picture-in-picture; web-share\" referrerpolicy=\"strict-origin-when-cross-origin\" allowfullscreen src=\"data:image\/svg+xml;base64,PHN2ZyB3aWR0aD0iMSIgaGVpZ2h0PSIxIiB4bWxucz0iaHR0cDovL3d3dy53My5vcmcvMjAwMC9zdmciPjwvc3ZnPg==\" class=\"lazyload\" data-load-mode=\"1\"><\/iframe>\t\t\t\t<\/div>\n\t\t\t\t<\/div>\n\t\t\t\t<div class=\"elementor-element elementor-element-fb79fd7 elementor-widget-mobile__width-inherit elementor-widget elementor-widget-heading\" data-id=\"fb79fd7\" data-element_type=\"widget\" data-e-type=\"widget\" data-widget_type=\"heading.default\">\n\t\t\t\t<div class=\"elementor-widget-container\">\n\t\t\t\t\t<h2 class=\"elementor-heading-title elementor-size-default\">The event was supported by public funds from the Fund for the Support of the Arts.<\/h2>\t\t\t\t<\/div>\n\t\t\t\t<\/div>\n\t\t\t\t<\/div>\n\t\t\t\t\t<\/div>\n\t\t\t\t<\/div>\n\t\t\t\t<\/div>","protected":false},"excerpt":{"rendered":"<p>3.5. o 18:00 Sob\u00e1\u0161ny pal\u00e1c, Byt\u010da PETER LIPA BAND + ZABI\u0164 FRANTI\u0160KA Predpredaj &#8211; 25\u20ac Na mieste &#8211; 30\u20ac (v pr\u00edpade nevypredania) 3.5. o 18:00 Sob\u00e1\u0161ny pal\u00e1c, Byt\u010da Vstupenky Peter Lipa vyst\u00fapi v r\u00e1mci koncertnej s\u00e9rie Hviezdnych noc\u00ed a nadvia\u017ee tak na febru\u00e1rov\u00fa n\u00e1v\u0161tevu Sob\u00e1\u0161neho pal\u00e1ca s Denisom Bangom. Peter Lipa Peter Lipa je jednou [&hellip;]<\/p>\n","protected":false},"author":1,"featured_media":0,"parent":0,"menu_order":0,"comment_status":"closed","ping_status":"closed","template":"elementor_header_footer","meta":{"_acf_changed":false,"inline_featured_image":false,"footnotes":""},"class_list":["post-3886","page","type-page","status-publish","hentry"],"acf":[],"_links":{"self":[{"href":"https:\/\/www.hviezdnenoci.sk\/en\/wp-json\/wp\/v2\/pages\/3886","targetHints":{"allow":["GET"]}}],"collection":[{"href":"https:\/\/www.hviezdnenoci.sk\/en\/wp-json\/wp\/v2\/pages"}],"about":[{"href":"https:\/\/www.hviezdnenoci.sk\/en\/wp-json\/wp\/v2\/types\/page"}],"author":[{"embeddable":true,"href":"https:\/\/www.hviezdnenoci.sk\/en\/wp-json\/wp\/v2\/users\/1"}],"replies":[{"embeddable":true,"href":"https:\/\/www.hviezdnenoci.sk\/en\/wp-json\/wp\/v2\/comments?post=3886"}],"version-history":[{"count":25,"href":"https:\/\/www.hviezdnenoci.sk\/en\/wp-json\/wp\/v2\/pages\/3886\/revisions"}],"predecessor-version":[{"id":3917,"href":"https:\/\/www.hviezdnenoci.sk\/en\/wp-json\/wp\/v2\/pages\/3886\/revisions\/3917"}],"wp:attachment":[{"href":"https:\/\/www.hviezdnenoci.sk\/en\/wp-json\/wp\/v2\/media?parent=3886"}],"curies":[{"name":"wp","href":"https:\/\/api.w.org\/{rel}","templated":true}]}}