{"id":3691,"date":"2025-10-04T14:14:35","date_gmt":"2025-10-04T12:14:35","guid":{"rendered":"https:\/\/www.hviezdnenoci.sk\/?page_id=3691"},"modified":"2025-10-16T12:59:41","modified_gmt":"2025-10-16T10:59:41","slug":"matching-outfits","status":"publish","type":"page","link":"https:\/\/www.hviezdnenoci.sk\/en\/matching-outfits\/","title":{"rendered":"MATCHING OUTFITS"},"content":{"rendered":"<div data-elementor-type=\"wp-page\" data-elementor-id=\"3691\" class=\"elementor elementor-3691\" data-elementor-post-type=\"page\">\n\t\t\t\t<div class=\"elementor-element elementor-element-5b45d8e e-flex e-con-boxed e-con e-parent\" data-id=\"5b45d8e\" data-element_type=\"container\" data-e-type=\"container\" data-settings=\"{&quot;background_background&quot;:&quot;classic&quot;}\">\n\t\t\t\t\t<div class=\"e-con-inner\">\n\t\t\t\t<div class=\"elementor-element elementor-element-f6098f2 elementor-widget elementor-widget-heading\" data-id=\"f6098f2\" data-element_type=\"widget\" data-e-type=\"widget\" data-widget_type=\"heading.default\">\n\t\t\t\t<div class=\"elementor-widget-container\">\n\t\t\t\t\t<h2 class=\"elementor-heading-title elementor-size-default\">24.10. LADOV\u0147A, BYT\u010cA\n20:00\n\n<\/h2>\t\t\t\t<\/div>\n\t\t\t\t<\/div>\n\t\t\t\t<div class=\"elementor-element elementor-element-2c6b520 elementor-widget elementor-widget-heading\" data-id=\"2c6b520\" data-element_type=\"widget\" data-e-type=\"widget\" data-widget_type=\"heading.default\">\n\t\t\t\t<div class=\"elementor-widget-container\">\n\t\t\t\t\t<h2 class=\"elementor-heading-title elementor-size-default\">MATCHING OUTFITS<\/h2>\t\t\t\t<\/div>\n\t\t\t\t<\/div>\n\t\t\t\t\t<\/div>\n\t\t\t\t<\/div>\n\t\t<div class=\"elementor-element elementor-element-a8484dd e-flex e-con-boxed e-con e-parent\" data-id=\"a8484dd\" data-element_type=\"container\" data-e-type=\"container\" data-settings=\"{&quot;background_background&quot;:&quot;classic&quot;}\">\n\t\t\t\t\t<div class=\"e-con-inner\">\n\t\t<div class=\"elementor-element elementor-element-99906d3 e-con-full e-flex e-con e-child\" data-id=\"99906d3\" data-element_type=\"container\" data-e-type=\"container\">\n\t\t\t\t<div class=\"elementor-element elementor-element-15ab901 elementor-widget elementor-widget-image\" data-id=\"15ab901\" data-element_type=\"widget\" data-e-type=\"widget\" data-widget_type=\"image.default\">\n\t\t\t\t<div class=\"elementor-widget-container\">\n\t\t\t\t\t\t\t\t\t\t\t\t\t\t\t<img fetchpriority=\"high\" decoding=\"async\" width=\"600\" height=\"869\" src=\"https:\/\/www.hviezdnenoci.sk\/wp-content\/uploads\/2025\/10\/kkkk.png\" class=\"attachment-full size-full wp-image-3699\" alt=\"\" srcset=\"https:\/\/www.hviezdnenoci.sk\/wp-content\/uploads\/2025\/10\/kkkk.png 600w, https:\/\/www.hviezdnenoci.sk\/wp-content\/uploads\/2025\/10\/kkkk-207x300.png 207w, https:\/\/www.hviezdnenoci.sk\/wp-content\/uploads\/2025\/10\/kkkk-8x12.png 8w\" sizes=\"(max-width: 600px) 100vw, 600px\" \/>\t\t\t\t\t\t\t\t\t\t\t\t\t\t\t<\/div>\n\t\t\t\t<\/div>\n\t\t\t\t<\/div>\n\t\t<div class=\"elementor-element elementor-element-81f7c78 e-con-full e-flex e-con e-child\" data-id=\"81f7c78\" data-element_type=\"container\" data-e-type=\"container\">\n\t\t\t\t<div class=\"elementor-element elementor-element-b00195b elementor-widget-mobile__width-inherit elementor-widget elementor-widget-heading\" data-id=\"b00195b\" data-element_type=\"widget\" data-e-type=\"widget\" data-widget_type=\"heading.default\">\n\t\t\t\t<div class=\"elementor-widget-container\">\n\t\t\t\t\t<h2 class=\"elementor-heading-title elementor-size-default\">Admission - \u20ac7 - advance sale \/ \u20ac10 - at the door\n<\/h2>\t\t\t\t<\/div>\n\t\t\t\t<\/div>\n\t\t\t\t<div class=\"elementor-element elementor-element-43cd026 elementor-widget-mobile__width-inherit elementor-widget elementor-widget-heading\" data-id=\"43cd026\" data-element_type=\"widget\" data-e-type=\"widget\" data-widget_type=\"heading.default\">\n\t\t\t\t<div class=\"elementor-widget-container\">\n\t\t\t\t\t<h2 class=\"elementor-heading-title elementor-size-default\">24.10. LADOV\u0147A, BYT\u010cA\n20:00\n<\/h2>\t\t\t\t<\/div>\n\t\t\t\t<\/div>\n\t\t\t\t<div class=\"elementor-element elementor-element-50db25d elementor-widget elementor-widget-button\" data-id=\"50db25d\" data-element_type=\"widget\" data-e-type=\"widget\" data-widget_type=\"button.default\">\n\t\t\t\t<div class=\"elementor-widget-container\">\n\t\t\t\t\t\t\t\t\t<div class=\"elementor-button-wrapper\">\n\t\t\t\t\t<a class=\"elementor-button elementor-button-link elementor-size-sm\" href=\"https:\/\/tootoot.fm\/en\/events\/68ecad48972026043c2ce221?fbclid=IwY2xjawNdruFleHRuA2FlbQIxMABicmlkETFxdnJiNXJiRWZzRzNXb09tAR5dI8UyqefmlWPbZzyBxcok1KaZWquZuFq2C2OfKCKknXJcKB30XdpLcuzpqg_aem_tf6R05auTU33nfakMUTxTQ\" target=\"_blank\" rel=\"noopener\">\n\t\t\t\t\t\t<span class=\"elementor-button-content-wrapper\">\n\t\t\t\t\t\t\t\t\t<span class=\"elementor-button-text\">Tickets<\/span>\n\t\t\t\t\t<\/span>\n\t\t\t\t\t<\/a>\n\t\t\t\t<\/div>\n\t\t\t\t\t\t\t\t<\/div>\n\t\t\t\t<\/div>\n\t\t\t\t<div class=\"elementor-element elementor-element-0322c0b elementor-widget-mobile__width-inherit elementor-widget elementor-widget-heading\" data-id=\"0322c0b\" data-element_type=\"widget\" data-e-type=\"widget\" data-widget_type=\"heading.default\">\n\t\t\t\t<div class=\"elementor-widget-container\">\n\t\t\t\t\t<h2 class=\"elementor-heading-title elementor-size-default\">Can a Berlin band sound like fluorescent crayons writing heartbreaking teenage stories? Matching outfits are proof that they can. They sound as cute as their name and are coming to Byt\u010da!<\/h2>\t\t\t\t<\/div>\n\t\t\t\t<\/div>\n\t\t\t\t<div class=\"elementor-element elementor-element-9efefe7 elementor-widget-mobile__width-inherit elementor-widget elementor-widget-heading\" data-id=\"9efefe7\" data-element_type=\"widget\" data-e-type=\"widget\" data-widget_type=\"heading.default\">\n\t\t\t\t<div class=\"elementor-widget-container\">\n\t\t\t\t\t<h2 class=\"elementor-heading-title elementor-size-default\">MATCHING OUTFITS<\/h2>\t\t\t\t<\/div>\n\t\t\t\t<\/div>\n\t\t\t\t<div class=\"elementor-element elementor-element-c7794db elementor-widget-mobile__width-inherit elementor-widget elementor-widget-heading\" data-id=\"c7794db\" data-element_type=\"widget\" data-e-type=\"widget\" data-widget_type=\"heading.default\">\n\t\t\t\t<div class=\"elementor-widget-container\">\n\t\t\t\t\t<h2 class=\"elementor-heading-title elementor-size-default\">Matching Outfits is a trio of adopted Berliners whose twisted, melancholic take on indie pop has been likened to \"a Super 8 film from the family attic.\" Singer Linney M\u00e5rtensson's lyrics capture life's great losses and minor annoyances in heartbreaking, sometimes humorous detail, while the delicious harmonies roll between disjointed outbursts and shared polyphonic choruses. Their debut cassette, Band Made Out Of Sand, caught the attention of cult radio station WFMU, as well as New Jersey label Bar\/None (Yo La Tengo, The Feelies), which signed the band and released their second album, Ditch Me, on July 25, 2025. The band does not wear matching outfits, except when they do.\n<\/h2>\t\t\t\t<\/div>\n\t\t\t\t<\/div>\n\t\t\t\t<div class=\"elementor-element elementor-element-982c68b elementor-widget elementor-widget-html\" data-id=\"982c68b\" data-element_type=\"widget\" data-e-type=\"widget\" data-widget_type=\"html.default\">\n\t\t\t\t<div class=\"elementor-widget-container\">\n\t\t\t\t\t<iframe width=\"560\" height=\"315\" data-src=\"https:\/\/www.youtube.com\/embed\/18Dcot7UvhM?si=PjB_pxenfnC3_Get&amp;controls=0\" title=\"YouTube video player\" frameborder=\"0\" allow=\"accelerometer; autoplay; clipboard-write; encrypted-media; gyroscope; picture-in-picture; web-share\" referrerpolicy=\"strict-origin-when-cross-origin\" allowfullscreen src=\"data:image\/svg+xml;base64,PHN2ZyB3aWR0aD0iMSIgaGVpZ2h0PSIxIiB4bWxucz0iaHR0cDovL3d3dy53My5vcmcvMjAwMC9zdmciPjwvc3ZnPg==\" class=\"lazyload\" data-load-mode=\"1\"><\/iframe>\t\t\t\t<\/div>\n\t\t\t\t<\/div>\n\t\t\t\t<div class=\"elementor-element elementor-element-0c1bbe6 elementor-widget elementor-widget-html\" data-id=\"0c1bbe6\" data-element_type=\"widget\" data-e-type=\"widget\" data-widget_type=\"html.default\">\n\t\t\t\t<div class=\"elementor-widget-container\">\n\t\t\t\t\t<iframe style=\"border: 0; width: 100%; height: 42px;\" data-src=\"https:\/\/bandcamp.com\/EmbeddedPlayer\/album=1191995931\/size=small\/bgcol=333333\/linkcol=ffffff\/transparent=true\/\" seamless src=\"data:image\/svg+xml;base64,PHN2ZyB3aWR0aD0iMSIgaGVpZ2h0PSIxIiB4bWxucz0iaHR0cDovL3d3dy53My5vcmcvMjAwMC9zdmciPjwvc3ZnPg==\" class=\"lazyload\" data-load-mode=\"1\"><a href=\"https:\/\/matchingoutfitsmusic.bandcamp.com\/album\/ditch-me\" target=\"_blank\" rel=\"noopener\">Ditch Me by Matching Outfits<\/a><\/iframe>\t\t\t\t<\/div>\n\t\t\t\t<\/div>\n\t\t\t\t<div class=\"elementor-element elementor-element-b09baa9 elementor-widget-mobile__width-inherit elementor-widget elementor-widget-heading\" data-id=\"b09baa9\" data-element_type=\"widget\" data-e-type=\"widget\" data-widget_type=\"heading.default\">\n\t\t\t\t<div class=\"elementor-widget-container\">\n\t\t\t\t\t<h2 class=\"elementor-heading-title elementor-size-default\"> MICHAL BEREC\n<\/h2>\t\t\t\t<\/div>\n\t\t\t\t<\/div>\n\t\t\t\t<div class=\"elementor-element elementor-element-f0412a1 elementor-widget-mobile__width-inherit elementor-widget elementor-widget-heading\" data-id=\"f0412a1\" data-element_type=\"widget\" data-e-type=\"widget\" data-widget_type=\"heading.default\">\n\t\t\t\t<div class=\"elementor-widget-container\">\n\t\t\t\t\t<h2 class=\"elementor-heading-title elementor-size-default\">Michal Berec (ex-Personal Spaces) je hudobn\u00edk a gitarista z Tren\u010d\u00edna, ktor\u00fd svojou hrou na akustick\u00fa gitaru odkazuje k trad\u00edci\u00ed americk\u00e9mo primitivizmu, blues a minimalizmu. Jeho kompoz\u00edcie popieraj\u00face pevn\u00e9 hranice \u010dasu si m\u00f4\u017eete vypo\u010du\u0165 v \u010derstvom EP \u2013 Songs of Sacred Places.<\/h2>\t\t\t\t<\/div>\n\t\t\t\t<\/div>\n\t\t\t\t<div class=\"elementor-element elementor-element-1308ab6 elementor-widget elementor-widget-html\" data-id=\"1308ab6\" data-element_type=\"widget\" data-e-type=\"widget\" data-widget_type=\"html.default\">\n\t\t\t\t<div class=\"elementor-widget-container\">\n\t\t\t\t\t<iframe style=\"border: 0; width: 100%; height: 120px;\" data-src=\"https:\/\/bandcamp.com\/EmbeddedPlayer\/album=2189297197\/size=large\/bgcol=333333\/linkcol=ffffff\/tracklist=false\/artwork=small\/transparent=true\/\" seamless src=\"data:image\/svg+xml;base64,PHN2ZyB3aWR0aD0iMSIgaGVpZ2h0PSIxIiB4bWxucz0iaHR0cDovL3d3dy53My5vcmcvMjAwMC9zdmciPjwvc3ZnPg==\" class=\"lazyload\" data-load-mode=\"1\"><a href=\"https:\/\/michalberec.bandcamp.com\/album\/songs-for-sacred-places\" target=\"_blank\" rel=\"noopener\">Songs for Sacred Places by Michal Berec<\/a><\/iframe>\t\t\t\t<\/div>\n\t\t\t\t<\/div>\n\t\t\t\t<div class=\"elementor-element elementor-element-0b7b92a elementor-widget-mobile__width-inherit elementor-widget elementor-widget-heading\" data-id=\"0b7b92a\" data-element_type=\"widget\" data-e-type=\"widget\" data-widget_type=\"heading.default\">\n\t\t\t\t<div class=\"elementor-widget-container\">\n\t\t\t\t\t<h2 class=\"elementor-heading-title elementor-size-default\">The event was supported by public funds from the Fund for the Support of the Arts.<\/h2>\t\t\t\t<\/div>\n\t\t\t\t<\/div>\n\t\t\t\t<\/div>\n\t\t\t\t\t<\/div>\n\t\t\t\t<\/div>\n\t\t\t\t<\/div>","protected":false},"excerpt":{"rendered":"<p>24.10. LADOV\u0147A, BYT\u010cA 20:00 MATCHING OUTFITS Vstup &#8211; 7\u20ac &#8211; predpredaj \/ 10\u20ac &#8211; na mieste 24.10. LADOV\u0147A, BYT\u010cA 20:00 Vstupenky M\u00f4\u017ee berl\u00ednska kapela znie\u0165 ako fluorescentn\u00e9 pastelky p\u00ed\u0161uce srdcerv\u00face t\u00edned\u017eersk\u00e9 pr\u00edbehy? Matching outfits s\u00fa d\u00f4kazom, \u017ee \u00e1no. Znej\u00fa rovnako cute ako ich n\u00e1zov a pr\u00eddu aj k n\u00e1m do Byt\u010de! MATCHING OUTFITS Matching Outfits [&hellip;]<\/p>\n","protected":false},"author":2,"featured_media":0,"parent":0,"menu_order":0,"comment_status":"closed","ping_status":"closed","template":"elementor_header_footer","meta":{"_acf_changed":false,"inline_featured_image":false,"footnotes":""},"class_list":["post-3691","page","type-page","status-publish","hentry"],"acf":[],"_links":{"self":[{"href":"https:\/\/www.hviezdnenoci.sk\/en\/wp-json\/wp\/v2\/pages\/3691","targetHints":{"allow":["GET"]}}],"collection":[{"href":"https:\/\/www.hviezdnenoci.sk\/en\/wp-json\/wp\/v2\/pages"}],"about":[{"href":"https:\/\/www.hviezdnenoci.sk\/en\/wp-json\/wp\/v2\/types\/page"}],"author":[{"embeddable":true,"href":"https:\/\/www.hviezdnenoci.sk\/en\/wp-json\/wp\/v2\/users\/2"}],"replies":[{"embeddable":true,"href":"https:\/\/www.hviezdnenoci.sk\/en\/wp-json\/wp\/v2\/comments?post=3691"}],"version-history":[{"count":28,"href":"https:\/\/www.hviezdnenoci.sk\/en\/wp-json\/wp\/v2\/pages\/3691\/revisions"}],"predecessor-version":[{"id":3736,"href":"https:\/\/www.hviezdnenoci.sk\/en\/wp-json\/wp\/v2\/pages\/3691\/revisions\/3736"}],"wp:attachment":[{"href":"https:\/\/www.hviezdnenoci.sk\/en\/wp-json\/wp\/v2\/media?parent=3691"}],"curies":[{"name":"wp","href":"https:\/\/api.w.org\/{rel}","templated":true}]}}