{"id":3643,"date":"2025-10-01T11:16:59","date_gmt":"2025-10-01T09:16:59","guid":{"rendered":"https:\/\/www.hviezdnenoci.sk\/?page_id=3643"},"modified":"2026-01-18T16:00:14","modified_gmt":"2026-01-18T15:00:14","slug":"nemecek-gnaw-vojdi","status":"publish","type":"page","link":"https:\/\/www.hviezdnenoci.sk\/en\/nemecek-gnaw-vojdi\/","title":{"rendered":"NEME\u010cEK +GN\u00c4W + VOJDI"},"content":{"rendered":"<div data-elementor-type=\"wp-page\" data-elementor-id=\"3643\" class=\"elementor elementor-3643\" data-elementor-post-type=\"page\">\n\t\t\t\t<div class=\"elementor-element elementor-element-5b45d8e e-flex e-con-boxed e-con e-parent\" data-id=\"5b45d8e\" data-element_type=\"container\" data-e-type=\"container\" data-settings=\"{&quot;background_background&quot;:&quot;classic&quot;}\">\n\t\t\t\t\t<div class=\"e-con-inner\">\n\t\t\t\t<div class=\"elementor-element elementor-element-2c6b520 elementor-widget elementor-widget-heading\" data-id=\"2c6b520\" data-element_type=\"widget\" data-e-type=\"widget\" data-widget_type=\"heading.default\">\n\t\t\t\t<div class=\"elementor-widget-container\">\n\t\t\t\t\t<h2 class=\"elementor-heading-title elementor-size-default\">NEME\u010cEK +<br> GN\u00c4W + VOJDI<\/h2>\t\t\t\t<\/div>\n\t\t\t\t<\/div>\n\t\t\t\t<div class=\"elementor-element elementor-element-f6098f2 elementor-widget elementor-widget-heading\" data-id=\"f6098f2\" data-element_type=\"widget\" data-e-type=\"widget\" data-widget_type=\"heading.default\">\n\t\t\t\t<div class=\"elementor-widget-container\">\n\t\t\t\t\t<h2 class=\"elementor-heading-title elementor-size-default\">6.2 o 20:00,\nStanica \u017dilina Z\u00e1rie\u010die\n<\/h2>\t\t\t\t<\/div>\n\t\t\t\t<\/div>\n\t\t\t\t\t<\/div>\n\t\t\t\t<\/div>\n\t\t<div class=\"elementor-element elementor-element-a8484dd e-flex e-con-boxed e-con e-parent\" data-id=\"a8484dd\" data-element_type=\"container\" data-e-type=\"container\" data-settings=\"{&quot;background_background&quot;:&quot;classic&quot;}\">\n\t\t\t\t\t<div class=\"e-con-inner\">\n\t\t<div class=\"elementor-element elementor-element-99906d3 e-con-full e-flex e-con e-child\" data-id=\"99906d3\" data-element_type=\"container\" data-e-type=\"container\">\n\t\t\t\t<div class=\"elementor-element elementor-element-15ab901 elementor-widget elementor-widget-image\" data-id=\"15ab901\" data-element_type=\"widget\" data-e-type=\"widget\" data-widget_type=\"image.default\">\n\t\t\t\t<div class=\"elementor-widget-container\">\n\t\t\t\t\t\t\t\t\t\t\t\t\t\t\t<img fetchpriority=\"high\" decoding=\"async\" width=\"600\" height=\"869\" src=\"https:\/\/www.hviezdnenoci.sk\/wp-content\/uploads\/2026\/01\/nemecek.png\" class=\"attachment-full size-full wp-image-3785\" alt=\"\" srcset=\"https:\/\/www.hviezdnenoci.sk\/wp-content\/uploads\/2026\/01\/nemecek.png 600w, https:\/\/www.hviezdnenoci.sk\/wp-content\/uploads\/2026\/01\/nemecek-207x300.png 207w, https:\/\/www.hviezdnenoci.sk\/wp-content\/uploads\/2026\/01\/nemecek-8x12.png 8w\" sizes=\"(max-width: 600px) 100vw, 600px\" \/>\t\t\t\t\t\t\t\t\t\t\t\t\t\t\t<\/div>\n\t\t\t\t<\/div>\n\t\t\t\t<\/div>\n\t\t<div class=\"elementor-element elementor-element-81f7c78 e-con-full e-flex e-con e-child\" data-id=\"81f7c78\" data-element_type=\"container\" data-e-type=\"container\">\n\t\t\t\t<div class=\"elementor-element elementor-element-43cd026 elementor-widget-mobile__width-inherit elementor-widget elementor-widget-heading\" data-id=\"43cd026\" data-element_type=\"widget\" data-e-type=\"widget\" data-widget_type=\"heading.default\">\n\t\t\t\t<div class=\"elementor-widget-container\">\n\t\t\t\t\t<h2 class=\"elementor-heading-title elementor-size-default\">6.2 o 20:00,\nStanica \u017dilina Z\u00e1rie\u010die\n\n<\/h2>\t\t\t\t<\/div>\n\t\t\t\t<\/div>\n\t\t\t\t<div class=\"elementor-element elementor-element-50db25d elementor-widget elementor-widget-button\" data-id=\"50db25d\" data-element_type=\"widget\" data-e-type=\"widget\" data-widget_type=\"button.default\">\n\t\t\t\t<div class=\"elementor-widget-container\">\n\t\t\t\t\t\t\t\t\t<div class=\"elementor-button-wrapper\">\n\t\t\t\t\t<a class=\"elementor-button elementor-button-link elementor-size-sm\" href=\"https:\/\/tootoot.fm\/sk\/events\/6968f57aab1a79f3354cfddc\" target=\"_blank\" rel=\"noopener\">\n\t\t\t\t\t\t<span class=\"elementor-button-content-wrapper\">\n\t\t\t\t\t\t\t\t\t<span class=\"elementor-button-text\">Tickets<\/span>\n\t\t\t\t\t<\/span>\n\t\t\t\t\t<\/a>\n\t\t\t\t<\/div>\n\t\t\t\t\t\t\t\t<\/div>\n\t\t\t\t<\/div>\n\t\t\t\t<div class=\"elementor-element elementor-element-0322c0b elementor-widget-mobile__width-inherit elementor-widget elementor-widget-heading\" data-id=\"0322c0b\" data-element_type=\"widget\" data-e-type=\"widget\" data-widget_type=\"heading.default\">\n\t\t\t\t<div class=\"elementor-widget-container\">\n\t\t\t\t\t<h2 class=\"elementor-heading-title elementor-size-default\">Hviezdne noci op\u00e4\u0165 zav\u00edtaj\u00fa do \u017diliny. Tentokr\u00e1t, v netradi\u010dnej febru\u00e1rovej n\u00e1v\u0161teve, na Stanicu prines\u00fa trojkoncert, ktor\u00e9ho spojovn\u00edkom je hluk. Ka\u017ed\u00fd z interpretov sa s n\u00edm vysporiadava po svojom. \u010ci u\u017e jeho spojen\u00edm s tradi\u010dn\u00fdmi folkl\u00f3rnymi n\u00e1strojmi alebo snahou o jeho ovl\u00e1dnutie skrz gitarov\u00e9 riffy a \u0165a\u017eiv\u00e9 rytmy. <br><br>\n\nPredstavia sa chorv\u00e1tski noise-rockeri Neme\u010dek, ob\u013e\u00faben\u00ed rockov\u00ed hluk\u00e1ri Vojdi a kontemplat\u00edvne duo GN\u00c4W.<\/h2>\t\t\t\t<\/div>\n\t\t\t\t<\/div>\n\t\t\t\t<div class=\"elementor-element elementor-element-9efefe7 elementor-widget-mobile__width-inherit elementor-widget elementor-widget-heading\" data-id=\"9efefe7\" data-element_type=\"widget\" data-e-type=\"widget\" data-widget_type=\"heading.default\">\n\t\t\t\t<div class=\"elementor-widget-container\">\n\t\t\t\t\t<h2 class=\"elementor-heading-title elementor-size-default\">NEME\u010cEK (HR)<\/h2>\t\t\t\t<\/div>\n\t\t\t\t<\/div>\n\t\t\t\t<div class=\"elementor-element elementor-element-c7794db elementor-widget-mobile__width-inherit elementor-widget elementor-widget-heading\" data-id=\"c7794db\" data-element_type=\"widget\" data-e-type=\"widget\" data-widget_type=\"heading.default\">\n\t\t\t\t<div class=\"elementor-widget-container\">\n\t\t\t\t\t<h2 class=\"elementor-heading-title elementor-size-default\">Noise rockov\u00fd v\u00edr z Balk\u00e1nu! Chorv\u00e1tske trio Neme\u010dek v dynamickej \u017e\u00e1nrovej v\u00fdmene kombinuje prvky post-rocku s postupmi tradi\u010dnej slovanskej hudby. Nejde ale len o melodick\u00fa in\u0161pir\u00e1ciu. Neme\u010dek vo svojej hre vyu\u017e\u00edvaj\u00fa klasick\u00e9 strunov\u00e9 n\u00e1stroje (chorv\u00e1tska lutna tambura) a reinterpretuj\u00fa folkl\u00f3r po svojom. V tmav\u00fdch odtie\u0148och post \u017e\u00e1nrov a hrdzav\u00fdch filtroch gitarov\u00fdch skreslen\u00ed. Aktu\u00e1lne pracuj\u00fa na tretej zo svojej tril\u00f3gie albumov Prokletije.Za v\u0161etko hovor\u00ed pseudonym \u201e\u1e25ar\u0101m\u201c (: \u062d\u0631\u0627\u0645) \u2013 v preklade z arab\u010diny: \u201ezak\u00e1zan\u00e9\u201c, ale v ur\u010dit\u00fdch kontextoch aj \u201eposv\u00e4tn\u00e9\u201c.\nAko stra\u0161ideln\u00fd dom postaven\u00fd zo sm\u00fatku, hnevu a vzdoru (a radosti). Tak op\u00edsal album Beside Myself magaz\u00edn Pitchfork (dal mu 7,8 z 10 hit\u00edkov, my d\u00e1vame 11). Haram tu v spolupr\u00e1ci s raperkami a in\u0161trumentalistkami kondenzuje vy\u0161\u0161ie spomenut\u00e9 em\u00f3cie do z\u00e1paln\u00e9ho flak\u00f3niku. Misia: \u201epre\u017eitie slobodn\u00e9ho ducha\u201c vo svete v\u0161adepr\u00edtomn\u00e9ho chaosu a 24\/7 live-streamovan\u00e9ho zla. Ako sama tvrd\u00ed: \u201cAt this point in time, the politicized aspects of my work is the only important one.\u201d \u2013 zoberte si z toho, \u010do potrebujete.\nNoise rockov\u00fd v\u00edr z Balk\u00e1nu! Chorv\u00e1tske trio Neme\u010dek v dynamickej \u017e\u00e1nrovej v\u00fdmene kombinuje prvky post-rocku s postupmi tradi\u010dnej slovanskej hudby. Nejde ale len o melodick\u00fa in\u0161pir\u00e1ciu. Neme\u010dek vo svojej hre vyu\u017e\u00edvaj\u00fa klasick\u00e9 strunov\u00e9 n\u00e1stroje (chorv\u00e1tska lutna tambura) a reinterpretuj\u00fa folkl\u00f3r po svojom. V tmav\u00fdch odtie\u0148och post \u017e\u00e1nrov a hrdzav\u00fdch filtroch gitarov\u00fdch skreslen\u00ed. Aktu\u00e1lne pracuj\u00fa na tretej zo svojej tril\u00f3gie albumov Prokletije.<\/h2>\t\t\t\t<\/div>\n\t\t\t\t<\/div>\n\t\t\t\t<div class=\"elementor-element elementor-element-14a9a17 elementor-widget elementor-widget-image\" data-id=\"14a9a17\" data-element_type=\"widget\" data-e-type=\"widget\" data-widget_type=\"image.default\">\n\t\t\t\t<div class=\"elementor-widget-container\">\n\t\t\t\t\t\t\t\t\t\t\t\t\t\t\t<img decoding=\"async\" width=\"1688\" height=\"1039\" data-src=\"https:\/\/www.hviezdnenoci.sk\/wp-content\/uploads\/2026\/01\/NEMECEK.webp\" class=\"attachment-full size-full wp-image-3849 lazyload\" alt=\"\" data-srcset=\"https:\/\/www.hviezdnenoci.sk\/wp-content\/uploads\/2026\/01\/NEMECEK.webp 1688w, https:\/\/www.hviezdnenoci.sk\/wp-content\/uploads\/2026\/01\/NEMECEK-300x185.webp 300w, https:\/\/www.hviezdnenoci.sk\/wp-content\/uploads\/2026\/01\/NEMECEK-1024x630.webp 1024w, https:\/\/www.hviezdnenoci.sk\/wp-content\/uploads\/2026\/01\/NEMECEK-768x473.webp 768w, https:\/\/www.hviezdnenoci.sk\/wp-content\/uploads\/2026\/01\/NEMECEK-1536x945.webp 1536w, https:\/\/www.hviezdnenoci.sk\/wp-content\/uploads\/2026\/01\/NEMECEK-18x12.webp 18w\" data-sizes=\"(max-width: 1688px) 100vw, 1688px\" src=\"data:image\/svg+xml;base64,PHN2ZyB3aWR0aD0iMSIgaGVpZ2h0PSIxIiB4bWxucz0iaHR0cDovL3d3dy53My5vcmcvMjAwMC9zdmciPjwvc3ZnPg==\" style=\"--smush-placeholder-width: 1688px; --smush-placeholder-aspect-ratio: 1688\/1039;\" \/>\t\t\t\t\t\t\t\t\t\t\t\t\t\t\t<\/div>\n\t\t\t\t<\/div>\n\t\t\t\t<div class=\"elementor-element elementor-element-c5b66da elementor-widget elementor-widget-html\" data-id=\"c5b66da\" data-element_type=\"widget\" data-e-type=\"widget\" data-widget_type=\"html.default\">\n\t\t\t\t<div class=\"elementor-widget-container\">\n\t\t\t\t\t<iframe width=\"560\" height=\"315\" data-src=\"https:\/\/www.youtube.com\/embed\/S7AnhX-86bY?si=ByvE6DvUSxygpRp7\" title=\"YouTube video player\" frameborder=\"0\" allow=\"accelerometer; autoplay; clipboard-write; encrypted-media; gyroscope; picture-in-picture; web-share\" referrerpolicy=\"strict-origin-when-cross-origin\" allowfullscreen src=\"data:image\/svg+xml;base64,PHN2ZyB3aWR0aD0iMSIgaGVpZ2h0PSIxIiB4bWxucz0iaHR0cDovL3d3dy53My5vcmcvMjAwMC9zdmciPjwvc3ZnPg==\" class=\"lazyload\" data-load-mode=\"1\"><\/iframe>\t\t\t\t<\/div>\n\t\t\t\t<\/div>\n\t\t\t\t<div class=\"elementor-element elementor-element-49a8df7 elementor-widget-mobile__width-inherit elementor-widget elementor-widget-heading\" data-id=\"49a8df7\" data-element_type=\"widget\" data-e-type=\"widget\" data-widget_type=\"heading.default\">\n\t\t\t\t<div class=\"elementor-widget-container\">\n\t\t\t\t\t<h2 class=\"elementor-heading-title elementor-size-default\">GN\u00c4W (FIN\/IRN)<\/h2>\t\t\t\t<\/div>\n\t\t\t\t<\/div>\n\t\t\t\t<div class=\"elementor-element elementor-element-2aab4af elementor-widget-mobile__width-inherit elementor-widget elementor-widget-heading\" data-id=\"2aab4af\" data-element_type=\"widget\" data-e-type=\"widget\" data-widget_type=\"heading.default\">\n\t\t\t\t<div class=\"elementor-widget-container\">\n\t\t\t\t\t<h2 class=\"elementor-heading-title elementor-size-default\">Gn\u00e4w predstavuje ir\u00e1nsko-f\u00ednske duo Arasha Ghasemiho a Sima Hakalista, ktor\u00fd vych\u00e1dzaj\u00fac z r\u00f4znych pozad\u00ed kon\u0161truuj\u00fa svoju vlastn\u00fa verziu zvukov\u00e9ho rozpr\u00e1vania. Vyu\u017e\u00edvan\u00edm tradi\u010dn\u00fdch perzsk\u00fdch a f\u00ednskych n\u00e1strojov v kombin\u00e1ci\u00ed s elektronikou vytv\u00e1raj\u00fa svety, ktor\u00fdch \u0161pecifick\u00e1 dynamika prep\u00e1ja psychadelick\u00fd rozmer s melancholickou mizansc\u00e9nou. Zvukov\u00e9 text\u00fary, ktor\u00e9 Gn\u00e4w dok\u00e1\u017ee vymodelova\u0165 z kombin\u00e1cie strunov\u00fdch n\u00e1strojov, p\u00ed\u0161\u0165al a synt\u00e9zy s\u00fa rovnako uzem\u0148uj\u00face ako povzn\u00e1\u0161aj\u00face. Aktu\u00e1lny album \u201cII\u201d vy\u0161iel v kolabor\u00e1ci\u00ed viacer\u00fdch labelov (Radio Khiyaban (NL), Stoned to Death (CZ), Ramble Records (AU) and Centripetal Force (US)). \nFarina je fenom\u00e9n pohybuj\u00faci sa medzi harmonick\u00fdmi mel\u00f3diami a nepredv\u00eddate\u013en\u00fdmi zvratmi zvukov\u00fdch farieb. \u00dastredn\u00fdm mot\u00edvom jeho tvorby je pam\u00e4\u0165 ako zdroj zvukovej predstavivosti. Aktu\u00e1lny album Cco2 je kol\u00e1\u017eou vysokej r\u00fdchlosti, chaotickej nostalgie a euf\u00f3rie.\nCanva6 vyst\u00fapil na\u017eivo napr. v MACRO Museo Roma, Triennale Milano,, Club2Club, \u00c4\u00e4niwalli Helsinki, MOFO Festival Paris, Endless Bazaar Switzerland ai.\n<\/h2>\t\t\t\t<\/div>\n\t\t\t\t<\/div>\n\t\t\t\t<div class=\"elementor-element elementor-element-81eda9c elementor-widget elementor-widget-image\" data-id=\"81eda9c\" data-element_type=\"widget\" data-e-type=\"widget\" data-widget_type=\"image.default\">\n\t\t\t\t<div class=\"elementor-widget-container\">\n\t\t\t\t\t\t\t\t\t\t\t\t\t\t\t<img decoding=\"async\" width=\"1200\" height=\"811\" data-src=\"https:\/\/www.hviezdnenoci.sk\/wp-content\/uploads\/2026\/01\/0038688581_10.jpg\" class=\"attachment-full size-full wp-image-3850 lazyload\" alt=\"\" data-srcset=\"https:\/\/www.hviezdnenoci.sk\/wp-content\/uploads\/2026\/01\/0038688581_10.jpg 1200w, https:\/\/www.hviezdnenoci.sk\/wp-content\/uploads\/2026\/01\/0038688581_10-300x203.jpg 300w, https:\/\/www.hviezdnenoci.sk\/wp-content\/uploads\/2026\/01\/0038688581_10-1024x692.jpg 1024w, https:\/\/www.hviezdnenoci.sk\/wp-content\/uploads\/2026\/01\/0038688581_10-768x519.jpg 768w, https:\/\/www.hviezdnenoci.sk\/wp-content\/uploads\/2026\/01\/0038688581_10-18x12.jpg 18w\" data-sizes=\"(max-width: 1200px) 100vw, 1200px\" src=\"data:image\/svg+xml;base64,PHN2ZyB3aWR0aD0iMSIgaGVpZ2h0PSIxIiB4bWxucz0iaHR0cDovL3d3dy53My5vcmcvMjAwMC9zdmciPjwvc3ZnPg==\" style=\"--smush-placeholder-width: 1200px; --smush-placeholder-aspect-ratio: 1200\/811;\" \/>\t\t\t\t\t\t\t\t\t\t\t\t\t\t\t<\/div>\n\t\t\t\t<\/div>\n\t\t\t\t<div class=\"elementor-element elementor-element-993ef0a elementor-widget elementor-widget-html\" data-id=\"993ef0a\" data-element_type=\"widget\" data-e-type=\"widget\" data-widget_type=\"html.default\">\n\t\t\t\t<div class=\"elementor-widget-container\">\n\t\t\t\t\t<iframe style=\"border: 0; width: 100%; height: 120px;\" data-src=\"https:\/\/bandcamp.com\/EmbeddedPlayer\/album=4097043813\/size=large\/bgcol=333333\/linkcol=ffffff\/tracklist=false\/artwork=small\/transparent=true\/\" seamless src=\"data:image\/svg+xml;base64,PHN2ZyB3aWR0aD0iMSIgaGVpZ2h0PSIxIiB4bWxucz0iaHR0cDovL3d3dy53My5vcmcvMjAwMC9zdmciPjwvc3ZnPg==\" class=\"lazyload\" data-load-mode=\"1\"><a href=\"https:\/\/gnaew.bandcamp.com\/album\/ii\" target=\"_blank\" rel=\"noopener\">II by Gn\u00e4w<\/a><\/iframe>\t\t\t\t<\/div>\n\t\t\t\t<\/div>\n\t\t\t\t<div class=\"elementor-element elementor-element-67cadfd elementor-widget-mobile__width-inherit elementor-widget elementor-widget-heading\" data-id=\"67cadfd\" data-element_type=\"widget\" data-e-type=\"widget\" data-widget_type=\"heading.default\">\n\t\t\t\t<div class=\"elementor-widget-container\">\n\t\t\t\t\t<h2 class=\"elementor-heading-title elementor-size-default\">VOJDI<\/h2>\t\t\t\t<\/div>\n\t\t\t\t<\/div>\n\t\t\t\t<div class=\"elementor-element elementor-element-8887350 elementor-widget-mobile__width-inherit elementor-widget elementor-widget-heading\" data-id=\"8887350\" data-element_type=\"widget\" data-e-type=\"widget\" data-widget_type=\"heading.default\">\n\t\t\t\t<div class=\"elementor-widget-container\">\n\t\t\t\t\t<h2 class=\"elementor-heading-title elementor-size-default\">Vojdi je ultra-trio alebo kapela z Pre\u0161ova, ktor\u00e1 ako jedna z m\u00e1la dok\u00e1\u017ee domestifikova\u0165 \u0165a\u017ek\u00e9 hlukov\u00e9 b\u00farky do svojej vlastnej verzie antirockov\u00e9ho kabaretu s d\u00e1vkou ir\u00f3nie. Vojdi u\u017e d\u00e1vno nie s\u00fa len slovensk\u00fdm z\u00e1stupcom v propag\u00e1ci\u00ed \u017e\u00e1nru math-rock, ale vlastn\u00fd fenom\u00e9n. Posledn\u00fd album Kompost (2024) hovor\u00ed za v\u0161etko.\nEluz\u00edvny projekt v \u017eivom preveden\u00ed osciluje niekde na pomedz\u00ed koncertu a performancie. Ide o unik\u00e1tny zjav, ktor\u00fd si na pra\u017eskej sc\u00e9ne vy\u0161lap\u00e1va vlastn\u00fa cestu. Posledn\u00fd album My Heart is bigger than the grief inside of it vy\u0161iel vo vydavate\u013estve Pocahontas.\n\n(Goodbye Clifford. I'll be missing you. Though I don't remember you much. I can only imagine how beautiful it would be if I could remember just a bit of our memories.)                                          Expressing unfulfilled wishes, accepting its own wounds and getting used to the present self.           The project became a place to express oneself with no boundaries and many personal lines being crossed. Music is a tool to feel compassion.) <\/h2>\t\t\t\t<\/div>\n\t\t\t\t<\/div>\n\t\t\t\t<div class=\"elementor-element elementor-element-1cb2157 elementor-widget elementor-widget-image\" data-id=\"1cb2157\" data-element_type=\"widget\" data-e-type=\"widget\" data-widget_type=\"image.default\">\n\t\t\t\t<div class=\"elementor-widget-container\">\n\t\t\t\t\t\t\t\t\t\t\t\t\t\t\t<img decoding=\"async\" width=\"1500\" height=\"844\" data-src=\"https:\/\/www.hviezdnenoci.sk\/wp-content\/uploads\/2026\/01\/0A3A7452.jpg\" class=\"attachment-full size-full wp-image-3851 lazyload\" alt=\"\" data-srcset=\"https:\/\/www.hviezdnenoci.sk\/wp-content\/uploads\/2026\/01\/0A3A7452.jpg 1500w, https:\/\/www.hviezdnenoci.sk\/wp-content\/uploads\/2026\/01\/0A3A7452-300x169.jpg 300w, https:\/\/www.hviezdnenoci.sk\/wp-content\/uploads\/2026\/01\/0A3A7452-1024x576.jpg 1024w, https:\/\/www.hviezdnenoci.sk\/wp-content\/uploads\/2026\/01\/0A3A7452-768x432.jpg 768w, https:\/\/www.hviezdnenoci.sk\/wp-content\/uploads\/2026\/01\/0A3A7452-18x10.jpg 18w\" data-sizes=\"(max-width: 1500px) 100vw, 1500px\" src=\"data:image\/svg+xml;base64,PHN2ZyB3aWR0aD0iMSIgaGVpZ2h0PSIxIiB4bWxucz0iaHR0cDovL3d3dy53My5vcmcvMjAwMC9zdmciPjwvc3ZnPg==\" style=\"--smush-placeholder-width: 1500px; --smush-placeholder-aspect-ratio: 1500\/844;\" \/>\t\t\t\t\t\t\t\t\t\t\t\t\t\t\t<\/div>\n\t\t\t\t<\/div>\n\t\t\t\t<div class=\"elementor-element elementor-element-eb115d8 elementor-widget elementor-widget-html\" data-id=\"eb115d8\" data-element_type=\"widget\" data-e-type=\"widget\" data-widget_type=\"html.default\">\n\t\t\t\t<div class=\"elementor-widget-container\">\n\t\t\t\t\t<iframe style=\"border: 0; width: 100%; height: 120px;\" data-src=\"https:\/\/bandcamp.com\/EmbeddedPlayer\/album=2283154829\/size=large\/bgcol=333333\/linkcol=ffffff\/tracklist=false\/artwork=small\/transparent=true\/\" seamless src=\"data:image\/svg+xml;base64,PHN2ZyB3aWR0aD0iMSIgaGVpZ2h0PSIxIiB4bWxucz0iaHR0cDovL3d3dy53My5vcmcvMjAwMC9zdmciPjwvc3ZnPg==\" class=\"lazyload\" data-load-mode=\"1\"><a href=\"https:\/\/vojdi.bandcamp.com\/album\/kompost\" target=\"_blank\" rel=\"noopener\">Kompost by Vojdi<\/a><\/iframe>\t\t\t\t<\/div>\n\t\t\t\t<\/div>\n\t\t\t\t<div class=\"elementor-element elementor-element-f0412a1 elementor-widget-mobile__width-inherit elementor-widget elementor-widget-heading\" data-id=\"f0412a1\" data-element_type=\"widget\" data-e-type=\"widget\" data-widget_type=\"heading.default\">\n\t\t\t\t<div class=\"elementor-widget-container\">\n\t\t\t\t\t<h2 class=\"elementor-heading-title elementor-size-default\">The event was supported by public funds from the Fund for the Support of the Arts.<\/h2>\t\t\t\t<\/div>\n\t\t\t\t<\/div>\n\t\t\t\t<\/div>\n\t\t\t\t\t<\/div>\n\t\t\t\t<\/div>\n\t\t\t\t<\/div>","protected":false},"excerpt":{"rendered":"<p>NEME\u010cEK + GN\u00c4W + VOJDI 6.2 o 20:00, Stanica \u017dilina Z\u00e1rie\u010die 6.2 o 20:00, Stanica \u017dilina Z\u00e1rie\u010die Vstupenky Hviezdne noci op\u00e4\u0165 zav\u00edtaj\u00fa do \u017diliny. Tentokr\u00e1t, v netradi\u010dnej febru\u00e1rovej n\u00e1v\u0161teve, na Stanicu prines\u00fa trojkoncert, ktor\u00e9ho spojovn\u00edkom je hluk. Ka\u017ed\u00fd z interpretov sa s n\u00edm vysporiadava po svojom. \u010ci u\u017e jeho spojen\u00edm s tradi\u010dn\u00fdmi folkl\u00f3rnymi n\u00e1strojmi alebo [&hellip;]<\/p>\n","protected":false},"author":2,"featured_media":0,"parent":0,"menu_order":0,"comment_status":"closed","ping_status":"closed","template":"elementor_header_footer","meta":{"_acf_changed":false,"inline_featured_image":false,"footnotes":""},"class_list":["post-3643","page","type-page","status-publish","hentry"],"acf":[],"_links":{"self":[{"href":"https:\/\/www.hviezdnenoci.sk\/en\/wp-json\/wp\/v2\/pages\/3643","targetHints":{"allow":["GET"]}}],"collection":[{"href":"https:\/\/www.hviezdnenoci.sk\/en\/wp-json\/wp\/v2\/pages"}],"about":[{"href":"https:\/\/www.hviezdnenoci.sk\/en\/wp-json\/wp\/v2\/types\/page"}],"author":[{"embeddable":true,"href":"https:\/\/www.hviezdnenoci.sk\/en\/wp-json\/wp\/v2\/users\/2"}],"replies":[{"embeddable":true,"href":"https:\/\/www.hviezdnenoci.sk\/en\/wp-json\/wp\/v2\/comments?post=3643"}],"version-history":[{"count":32,"href":"https:\/\/www.hviezdnenoci.sk\/en\/wp-json\/wp\/v2\/pages\/3643\/revisions"}],"predecessor-version":[{"id":3865,"href":"https:\/\/www.hviezdnenoci.sk\/en\/wp-json\/wp\/v2\/pages\/3643\/revisions\/3865"}],"wp:attachment":[{"href":"https:\/\/www.hviezdnenoci.sk\/en\/wp-json\/wp\/v2\/media?parent=3643"}],"curies":[{"name":"wp","href":"https:\/\/api.w.org\/{rel}","templated":true}]}}