{"id":3621,"date":"2025-09-17T18:24:43","date_gmt":"2025-09-17T16:24:43","guid":{"rendered":"https:\/\/www.hviezdnenoci.sk\/?page_id=3621"},"modified":"2025-09-17T18:26:16","modified_gmt":"2025-09-17T16:26:16","slug":"o-nas","status":"publish","type":"page","link":"https:\/\/www.hviezdnenoci.sk\/en\/o-nas\/","title":{"rendered":"About us"},"content":{"rendered":"<div data-elementor-type=\"wp-page\" data-elementor-id=\"3621\" class=\"elementor elementor-3621\" data-elementor-post-type=\"page\">\n\t\t\t\t<div class=\"elementor-element elementor-element-a09dd09 e-flex e-con-boxed e-con e-parent\" data-id=\"a09dd09\" data-element_type=\"container\" data-e-type=\"container\" data-settings=\"{&quot;background_background&quot;:&quot;classic&quot;}\">\n\t\t\t\t\t<div class=\"e-con-inner\">\n\t\t\t\t<div class=\"elementor-element elementor-element-856baf5 elementor-widget__width-initial elementor-widget elementor-widget-heading\" data-id=\"856baf5\" data-element_type=\"widget\" data-e-type=\"widget\" data-widget_type=\"heading.default\">\n\t\t\t\t<div class=\"elementor-widget-container\">\n\t\t\t\t\t<h2 class=\"elementor-heading-title elementor-size-default\">HVIEZDNE NOCI<\/h2>\t\t\t\t<\/div>\n\t\t\t\t<\/div>\n\t\t\t\t<div class=\"elementor-element elementor-element-b36b9b1 elementor-widget__width-initial elementor-widget elementor-widget-text-editor\" data-id=\"b36b9b1\" data-element_type=\"widget\" data-e-type=\"widget\" data-widget_type=\"text-editor.default\">\n\t\t\t\t<div class=\"elementor-widget-container\">\n\t\t\t\t\t\t\t\t\t<p>\u00a0are a platform, festival, promotional agency, collective, and community.<\/p>\t\t\t\t\t\t\t\t<\/div>\n\t\t\t\t<\/div>\n\t\t\t\t<div class=\"elementor-element elementor-element-7a7c15b elementor-widget__width-initial elementor-widget elementor-widget-text-editor\" data-id=\"7a7c15b\" data-element_type=\"widget\" data-e-type=\"widget\" data-widget_type=\"text-editor.default\">\n\t\t\t\t<div class=\"elementor-widget-container\">\n\t\t\t\t\t\t\t\t\t<p><span style=\"font-weight: 400;\">Since the festival of the same name was established in Byt\u010da in 2015, we have organized hundreds of concerts and events. What began in a small town in northern Slovakia later spread across the country. We are currently hosting a music festival in \u017dilina.<\/span><\/p>\t\t\t\t\t\t\t\t<\/div>\n\t\t\t\t<\/div>\n\t\t\t\t<div class=\"elementor-element elementor-element-a96f084 elementor-widget__width-initial elementor-widget elementor-widget-text-editor\" data-id=\"a96f084\" data-element_type=\"widget\" data-e-type=\"widget\" data-widget_type=\"text-editor.default\">\n\t\t\t\t<div class=\"elementor-widget-container\">\n\t\t\t\t\t\t\t\t\t<p><span style=\"font-weight: 400;\">Over the years, we have organized 11 editions of the festival in various forms and formats. From film to multi-genre to music. In the midst of the pandemic, we established and operated a cultural center in Byt\u010da on the premises of Ladov\u0148a, which hosted dozens of events every year. We then expanded our activities across Slovakia. Starry Nights now also operates in \u017dilina, Bratislava, and soon in your city.\n\nTranslated with DeepL.com (free version)\u00a0<\/span><span style=\"font-weight: 400;\"><br \/><\/span><\/p>\t\t\t\t\t\t\t\t<\/div>\n\t\t\t\t<\/div>\n\t\t\t\t<div class=\"elementor-element elementor-element-5dccaad elementor-widget__width-initial elementor-widget elementor-widget-text-editor\" data-id=\"5dccaad\" data-element_type=\"widget\" data-e-type=\"widget\" data-widget_type=\"text-editor.default\">\n\t\t\t\t<div class=\"elementor-widget-container\">\n\t\t\t\t\t\t\t\t\t<p><span style=\"font-weight: 400;\">Over the years, the following artists have performed at the Starry Nights festival and events: SWANS, Marina Herlop, Alabaster DePlume, Mabe Fratti, Brutalismus 3000, Claire Rousay, Holy Tongue, Slikback, Naima Bock, Zi\u00far, \u0160irom, Divide and Dissolve, Katarina Gryvul, 2K88, Maryana Klochko, Heinali and Andriana Yaroslava Saienko, Jrpjej, Svitlana Nianio, Don Zilla, Sisso &amp; Maiko, Nsasi, Nordra, Lutto Lento, Lonker See, Community of Grieving, Tr\u00e1 Ph\u00e1id\u00edn, Jana Kirschner, FVLCRVM, Fvck_kvlt, and many others.<\/span><\/p>\t\t\t\t\t\t\t\t<\/div>\n\t\t\t\t<\/div>\n\t\t\t\t\t<\/div>\n\t\t\t\t<\/div>\n\t\t\t\t<\/div>","protected":false},"excerpt":{"rendered":"<p>HVIEZDNE NOCI \u00a0s\u00fa platforma, festival, promot\u00e9rska agent\u00fara, kolekt\u00edv a komunita. Od vzniku rovnomenn\u00e9ho festivalu v Byt\u010di v roku 2015 sme usporiadali stovky koncertov a podujat\u00ed. To, \u010do za\u010dalo v malom meste na severe Slovenska sa nesk\u00f4r roz\u0161\u00edrilo naprie\u010d krajinou. Moment\u00e1lne host\u00edme hudobn\u00fd festival v \u017diline. Naprie\u010d rokmi fungovania sme usporiadali 11. ro\u010dn\u00edkov festivalu v r\u00f4znych [&hellip;]<\/p>\n","protected":false},"author":2,"featured_media":623,"parent":0,"menu_order":0,"comment_status":"closed","ping_status":"closed","template":"elementor_header_footer","meta":{"_acf_changed":false,"inline_featured_image":false,"footnotes":""},"class_list":["post-3621","page","type-page","status-publish","has-post-thumbnail","hentry"],"acf":[],"_links":{"self":[{"href":"https:\/\/www.hviezdnenoci.sk\/en\/wp-json\/wp\/v2\/pages\/3621","targetHints":{"allow":["GET"]}}],"collection":[{"href":"https:\/\/www.hviezdnenoci.sk\/en\/wp-json\/wp\/v2\/pages"}],"about":[{"href":"https:\/\/www.hviezdnenoci.sk\/en\/wp-json\/wp\/v2\/types\/page"}],"author":[{"embeddable":true,"href":"https:\/\/www.hviezdnenoci.sk\/en\/wp-json\/wp\/v2\/users\/2"}],"replies":[{"embeddable":true,"href":"https:\/\/www.hviezdnenoci.sk\/en\/wp-json\/wp\/v2\/comments?post=3621"}],"version-history":[{"count":4,"href":"https:\/\/www.hviezdnenoci.sk\/en\/wp-json\/wp\/v2\/pages\/3621\/revisions"}],"predecessor-version":[{"id":3625,"href":"https:\/\/www.hviezdnenoci.sk\/en\/wp-json\/wp\/v2\/pages\/3621\/revisions\/3625"}],"wp:featuredmedia":[{"embeddable":true,"href":"https:\/\/www.hviezdnenoci.sk\/en\/wp-json\/wp\/v2\/media\/623"}],"wp:attachment":[{"href":"https:\/\/www.hviezdnenoci.sk\/en\/wp-json\/wp\/v2\/media?parent=3621"}],"curies":[{"name":"wp","href":"https:\/\/api.w.org\/{rel}","templated":true}]}}