{"id":3458,"date":"2025-06-13T08:39:18","date_gmt":"2025-06-13T06:39:18","guid":{"rendered":"https:\/\/www.hviezdnenoci.sk\/?page_id=3458"},"modified":"2025-06-13T09:10:32","modified_gmt":"2025-06-13T07:10:32","slug":"prakticke-info","status":"publish","type":"page","link":"https:\/\/www.hviezdnenoci.sk\/en\/prakticke-info\/","title":{"rendered":"Practical info"},"content":{"rendered":"<div data-elementor-type=\"wp-page\" data-elementor-id=\"3458\" class=\"elementor elementor-3458\" data-elementor-post-type=\"page\">\n\t\t\t\t<div class=\"elementor-element elementor-element-bbdc1db e-flex e-con-boxed e-con e-parent\" data-id=\"bbdc1db\" data-element_type=\"container\" data-e-type=\"container\" data-settings=\"{&quot;background_background&quot;:&quot;classic&quot;}\">\n\t\t\t\t\t<div class=\"e-con-inner\">\n\t\t\t\t<div class=\"elementor-element elementor-element-856baf5 elementor-widget elementor-widget-heading\" data-id=\"856baf5\" data-element_type=\"widget\" data-e-type=\"widget\" data-widget_type=\"heading.default\">\n\t\t\t\t<div class=\"elementor-widget-container\">\n\t\t\t\t\t<h2 class=\"elementor-heading-title elementor-size-default\">Practical info<\/h2>\t\t\t\t<\/div>\n\t\t\t\t<\/div>\n\t\t\t\t\t<\/div>\n\t\t\t\t<\/div>\n\t\t<div class=\"elementor-element elementor-element-a5d1ed2 e-flex e-con-boxed e-con e-parent\" data-id=\"a5d1ed2\" data-element_type=\"container\" data-e-type=\"container\" data-settings=\"{&quot;background_background&quot;:&quot;classic&quot;}\">\n\t\t\t\t\t<div class=\"e-con-inner\">\n\t\t\t\t<div class=\"elementor-element elementor-element-eeacad1 elementor-widget elementor-widget-heading\" data-id=\"eeacad1\" data-element_type=\"widget\" data-e-type=\"widget\" data-widget_type=\"heading.default\">\n\t\t\t\t<div class=\"elementor-widget-container\">\n\t\t\t\t\t<h2 class=\"elementor-heading-title elementor-size-default\">Guided tours<\/h2>\t\t\t\t<\/div>\n\t\t\t\t<\/div>\n\t\t\t\t\t<\/div>\n\t\t\t\t<\/div>\n\t\t<div class=\"elementor-element elementor-element-eb3b576 e-flex e-con-boxed e-con e-parent\" data-id=\"eb3b576\" data-element_type=\"container\" data-e-type=\"container\" data-settings=\"{&quot;background_background&quot;:&quot;classic&quot;}\">\n\t\t\t\t\t<div class=\"e-con-inner\">\n\t\t<div class=\"elementor-element elementor-element-6dfeaaf e-con-full e-flex e-con e-child\" data-id=\"6dfeaaf\" data-element_type=\"container\" data-e-type=\"container\">\n\t\t\t\t<div class=\"elementor-element elementor-element-0a89cc7 elementor-widget elementor-widget-heading\" data-id=\"0a89cc7\" data-element_type=\"widget\" data-e-type=\"widget\" data-widget_type=\"heading.default\">\n\t\t\t\t<div class=\"elementor-widget-container\">\n\t\t\t\t\t<h2 class=\"elementor-heading-title elementor-size-default\">Ticket office<\/h2>\t\t\t\t<\/div>\n\t\t\t\t<\/div>\n\t\t\t\t<div class=\"elementor-element elementor-element-7904acf elementor-widget elementor-widget-text-editor\" data-id=\"7904acf\" data-element_type=\"widget\" data-e-type=\"widget\" data-widget_type=\"text-editor.default\">\n\t\t\t\t<div class=\"elementor-widget-container\">\n\t\t\t\t\t\t\t\t\t<p>The main ticket office for the entire festival is located in the Synagogue on Friday from 1:00 p.m.<\/p>\t\t\t\t\t\t\t\t<\/div>\n\t\t\t\t<\/div>\n\t\t\t\t<\/div>\n\t\t\t\t\t<\/div>\n\t\t\t\t<\/div>\n\t\t<div class=\"elementor-element elementor-element-1819dad e-flex e-con-boxed e-con e-parent\" data-id=\"1819dad\" data-element_type=\"container\" data-e-type=\"container\" data-settings=\"{&quot;background_background&quot;:&quot;classic&quot;}\">\n\t\t\t\t\t<div class=\"e-con-inner\">\n\t\t\t\t<div class=\"elementor-element elementor-element-a977341 elementor-widget elementor-widget-heading\" data-id=\"a977341\" data-element_type=\"widget\" data-e-type=\"widget\" data-widget_type=\"heading.default\">\n\t\t\t\t<div class=\"elementor-widget-container\">\n\t\t\t\t\t<h2 class=\"elementor-heading-title elementor-size-default\">Discussions and lectures<\/h2>\t\t\t\t<\/div>\n\t\t\t\t<\/div>\n\t\t\t\t\t<\/div>\n\t\t\t\t<\/div>\n\t\t<div class=\"elementor-element elementor-element-565edca e-flex e-con-boxed e-con e-parent\" data-id=\"565edca\" data-element_type=\"container\" data-e-type=\"container\" data-settings=\"{&quot;background_background&quot;:&quot;classic&quot;}\">\n\t\t\t\t\t<div class=\"e-con-inner\">\n\t\t<div class=\"elementor-element elementor-element-91a1727 e-con-full e-flex e-con e-child\" data-id=\"91a1727\" data-element_type=\"container\" data-e-type=\"container\">\n\t\t\t\t<div class=\"elementor-element elementor-element-c134d72 elementor-widget elementor-widget-heading\" data-id=\"c134d72\" data-element_type=\"widget\" data-e-type=\"widget\" data-widget_type=\"heading.default\">\n\t\t\t\t<div class=\"elementor-widget-container\">\n\t\t\t\t\t<h2 class=\"elementor-heading-title elementor-size-default\">Tent city<\/h2>\t\t\t\t<\/div>\n\t\t\t\t<\/div>\n\t\t\t\t<div class=\"elementor-element elementor-element-e804756 elementor-widget elementor-widget-text-editor\" data-id=\"e804756\" data-element_type=\"widget\" data-e-type=\"widget\" data-widget_type=\"text-editor.default\">\n\t\t\t\t<div class=\"elementor-widget-container\">\n\t\t\t\t\t\t\t\t\t<p>You can pick up the wristbands for the tent city only at the ticket office in the Synagogue.<\/p>\t\t\t\t\t\t\t\t<\/div>\n\t\t\t\t<\/div>\n\t\t\t\t<\/div>\n\t\t\t\t\t<\/div>\n\t\t\t\t<\/div>\n\t\t<div class=\"elementor-element elementor-element-0e0565f e-flex e-con-boxed e-con e-parent\" data-id=\"0e0565f\" data-element_type=\"container\" data-e-type=\"container\" data-settings=\"{&quot;background_background&quot;:&quot;classic&quot;}\">\n\t\t\t\t\t<div class=\"e-con-inner\">\n\t\t\t\t<div class=\"elementor-element elementor-element-7af5f13 elementor-widget elementor-widget-heading\" data-id=\"7af5f13\" data-element_type=\"widget\" data-e-type=\"widget\" data-widget_type=\"heading.default\">\n\t\t\t\t<div class=\"elementor-widget-container\">\n\t\t\t\t\t<h2 class=\"elementor-heading-title elementor-size-default\">Discussions and lectures<\/h2>\t\t\t\t<\/div>\n\t\t\t\t<\/div>\n\t\t\t\t\t<\/div>\n\t\t\t\t<\/div>\n\t\t<div class=\"elementor-element elementor-element-543e562 e-flex e-con-boxed e-con e-parent\" data-id=\"543e562\" data-element_type=\"container\" data-e-type=\"container\" data-settings=\"{&quot;background_background&quot;:&quot;classic&quot;}\">\n\t\t\t\t\t<div class=\"e-con-inner\">\n\t\t<div class=\"elementor-element elementor-element-5e19763 e-con-full e-flex e-con e-child\" data-id=\"5e19763\" data-element_type=\"container\" data-e-type=\"container\">\n\t\t\t\t<div class=\"elementor-element elementor-element-8a950bc elementor-widget elementor-widget-heading\" data-id=\"8a950bc\" data-element_type=\"widget\" data-e-type=\"widget\" data-widget_type=\"heading.default\">\n\t\t\t\t<div class=\"elementor-widget-container\">\n\t\t\t\t\t<h2 class=\"elementor-heading-title elementor-size-default\">Public transport<\/h2>\t\t\t\t<\/div>\n\t\t\t\t<\/div>\n\t\t\t\t<div class=\"elementor-element elementor-element-4a5e2d3 elementor-widget elementor-widget-text-editor\" data-id=\"4a5e2d3\" data-element_type=\"widget\" data-e-type=\"widget\" data-widget_type=\"text-editor.default\">\n\t\t\t\t<div class=\"elementor-widget-container\">\n\t\t\t\t\t\t\t\t\t<p>V\u00e4\u010d\u0161ina stagov sa nach\u00e1dza v pe\u0161ej dostupnosti. Presun medzi lok\u00e1ciami festivalu je zabezpe\u010den\u00fd tie\u017e prostredn\u00edctvom KIA bikov a MHD, ktor\u00e1 odch\u00e1dza o 00:00 z Novej Synag\u00f3gy na Abfall.<\/p>\t\t\t\t\t\t\t\t<\/div>\n\t\t\t\t<\/div>\n\t\t\t\t<\/div>\n\t\t\t\t\t<\/div>\n\t\t\t\t<\/div>\n\t\t<div class=\"elementor-element elementor-element-8e2a99d e-flex e-con-boxed e-con e-parent\" data-id=\"8e2a99d\" data-element_type=\"container\" data-e-type=\"container\" data-settings=\"{&quot;background_background&quot;:&quot;classic&quot;}\">\n\t\t\t\t\t<div class=\"e-con-inner\">\n\t\t\t\t<div class=\"elementor-element elementor-element-e83f2b7 elementor-widget elementor-widget-heading\" data-id=\"e83f2b7\" data-element_type=\"widget\" data-e-type=\"widget\" data-widget_type=\"heading.default\">\n\t\t\t\t<div class=\"elementor-widget-container\">\n\t\t\t\t\t<h2 class=\"elementor-heading-title elementor-size-default\">Discussions and lectures<\/h2>\t\t\t\t<\/div>\n\t\t\t\t<\/div>\n\t\t\t\t\t<\/div>\n\t\t\t\t<\/div>\n\t\t<div class=\"elementor-element elementor-element-d6d9571 e-flex e-con-boxed e-con e-parent\" data-id=\"d6d9571\" data-element_type=\"container\" data-e-type=\"container\" data-settings=\"{&quot;background_background&quot;:&quot;classic&quot;}\">\n\t\t\t\t\t<div class=\"e-con-inner\">\n\t\t<div class=\"elementor-element elementor-element-3602b37 e-con-full e-flex e-con e-child\" data-id=\"3602b37\" data-element_type=\"container\" data-e-type=\"container\">\n\t\t\t\t<div class=\"elementor-element elementor-element-2487c3e elementor-widget elementor-widget-heading\" data-id=\"2487c3e\" data-element_type=\"widget\" data-e-type=\"widget\" data-widget_type=\"heading.default\">\n\t\t\t\t<div class=\"elementor-widget-container\">\n\t\t\t\t\t<h2 class=\"elementor-heading-title elementor-size-default\">Food<\/h2>\t\t\t\t<\/div>\n\t\t\t\t<\/div>\n\t\t\t\t<div class=\"elementor-element elementor-element-0614fa2 elementor-widget elementor-widget-text-editor\" data-id=\"0614fa2\" data-element_type=\"widget\" data-e-type=\"widget\" data-widget_type=\"text-editor.default\">\n\t\t\t\t<div class=\"elementor-widget-container\">\n\t\t\t\t\t\t\t\t\t<p>Ob\u010derstvi\u0165 sa m\u00f4\u017eete v\u010faka NhaBe na n\u00e1dvor\u00ed Synag\u00f3gy v piatok od 15:00 do polnoci alebo v ktorejko\u013evek prev\u00e1dzke v centre \u017diliny<\/p>\t\t\t\t\t\t\t\t<\/div>\n\t\t\t\t<\/div>\n\t\t\t\t<\/div>\n\t\t\t\t\t<\/div>\n\t\t\t\t<\/div>\n\t\t<div class=\"elementor-element elementor-element-a0478cb e-flex e-con-boxed e-con e-parent\" data-id=\"a0478cb\" data-element_type=\"container\" data-e-type=\"container\" data-settings=\"{&quot;background_background&quot;:&quot;classic&quot;}\">\n\t\t\t\t\t<div class=\"e-con-inner\">\n\t\t\t\t<div class=\"elementor-element elementor-element-772cdf8 elementor-widget elementor-widget-heading\" data-id=\"772cdf8\" data-element_type=\"widget\" data-e-type=\"widget\" data-widget_type=\"heading.default\">\n\t\t\t\t<div class=\"elementor-widget-container\">\n\t\t\t\t\t<h2 class=\"elementor-heading-title elementor-size-default\">Discussions and lectures<\/h2>\t\t\t\t<\/div>\n\t\t\t\t<\/div>\n\t\t\t\t\t<\/div>\n\t\t\t\t<\/div>\n\t\t\t\t<\/div>","protected":false},"excerpt":{"rendered":"<p>Praktick\u00e9 info Komentovan\u00e9 prehliadky Poklad\u0148a Hlavn\u00e1 poklad\u0148a cel\u00e9ho festivalu je v Synag\u00f3ge v piatok od 13:00. Diskusie a predn\u00e1\u0161ky Stanov\u00e9 meste\u010dko P\u00e1sky k stanov\u00e9mu meste\u010dku si m\u00f4\u017eete vyzdvihn\u00fa\u0165 iba na pokladni v Synag\u00f3ge. Diskusie a predn\u00e1\u0161ky MHD V\u00e4\u010d\u0161ina stagov sa nach\u00e1dza v pe\u0161ej dostupnosti. Presun medzi lok\u00e1ciami festivalu je zabezpe\u010den\u00fd tie\u017e prostredn\u00edctvom KIA bikov a [&hellip;]<\/p>\n","protected":false},"author":2,"featured_media":0,"parent":0,"menu_order":0,"comment_status":"closed","ping_status":"closed","template":"elementor_header_footer","meta":{"_acf_changed":false,"inline_featured_image":false,"footnotes":""},"class_list":["post-3458","page","type-page","status-publish","hentry"],"acf":[],"_links":{"self":[{"href":"https:\/\/www.hviezdnenoci.sk\/en\/wp-json\/wp\/v2\/pages\/3458","targetHints":{"allow":["GET"]}}],"collection":[{"href":"https:\/\/www.hviezdnenoci.sk\/en\/wp-json\/wp\/v2\/pages"}],"about":[{"href":"https:\/\/www.hviezdnenoci.sk\/en\/wp-json\/wp\/v2\/types\/page"}],"author":[{"embeddable":true,"href":"https:\/\/www.hviezdnenoci.sk\/en\/wp-json\/wp\/v2\/users\/2"}],"replies":[{"embeddable":true,"href":"https:\/\/www.hviezdnenoci.sk\/en\/wp-json\/wp\/v2\/comments?post=3458"}],"version-history":[{"count":40,"href":"https:\/\/www.hviezdnenoci.sk\/en\/wp-json\/wp\/v2\/pages\/3458\/revisions"}],"predecessor-version":[{"id":3503,"href":"https:\/\/www.hviezdnenoci.sk\/en\/wp-json\/wp\/v2\/pages\/3458\/revisions\/3503"}],"wp:attachment":[{"href":"https:\/\/www.hviezdnenoci.sk\/en\/wp-json\/wp\/v2\/media?parent=3458"}],"curies":[{"name":"wp","href":"https:\/\/api.w.org\/{rel}","templated":true}]}}