{"id":2297,"date":"2025-05-15T12:16:22","date_gmt":"2025-05-15T10:16:22","guid":{"rendered":"https:\/\/www.hviezdnenoci.sk\/?page_id=2297"},"modified":"2025-05-15T12:18:50","modified_gmt":"2025-05-15T10:18:50","slug":"javier-areal-velez","status":"publish","type":"page","link":"https:\/\/www.hviezdnenoci.sk\/en\/javier-areal-velez\/","title":{"rendered":"Javier Areal V\u00e9lez (AR)"},"content":{"rendered":"<div data-elementor-type=\"wp-page\" data-elementor-id=\"2297\" class=\"elementor elementor-2297\" data-elementor-post-type=\"page\">\n\t\t\t\t<div class=\"elementor-element elementor-element-5b45d8e e-flex e-con-boxed e-con e-parent\" data-id=\"5b45d8e\" data-element_type=\"container\" data-e-type=\"container\" data-settings=\"{&quot;background_background&quot;:&quot;classic&quot;}\">\n\t\t\t\t\t<div class=\"e-con-inner\">\n\t\t\t\t<div class=\"elementor-element elementor-element-2c6b520 elementor-widget elementor-widget-heading\" data-id=\"2c6b520\" data-element_type=\"widget\" data-e-type=\"widget\" data-widget_type=\"heading.default\">\n\t\t\t\t<div class=\"elementor-widget-container\">\n\t\t\t\t\t<h2 class=\"elementor-heading-title elementor-size-default\">Javier Areal V\u00e9lez (AR)<\/h2>\t\t\t\t<\/div>\n\t\t\t\t<\/div>\n\t\t\t\t<div class=\"elementor-element elementor-element-f6098f2 elementor-widget elementor-widget-heading\" data-id=\"f6098f2\" data-element_type=\"widget\" data-e-type=\"widget\" data-widget_type=\"heading.default\">\n\t\t\t\t<div class=\"elementor-widget-container\">\n\t\t\t\t\t<h2 class=\"elementor-heading-title elementor-size-default\">(Elektronick\u00e9 text\u00fary)<\/h2>\t\t\t\t<\/div>\n\t\t\t\t<\/div>\n\t\t\t\t\t<\/div>\n\t\t\t\t<\/div>\n\t\t<div class=\"elementor-element elementor-element-a8484dd e-flex e-con-boxed e-con e-parent\" data-id=\"a8484dd\" data-element_type=\"container\" data-e-type=\"container\" data-settings=\"{&quot;background_background&quot;:&quot;classic&quot;}\">\n\t\t\t\t\t<div class=\"e-con-inner\">\n\t\t<div class=\"elementor-element elementor-element-99906d3 e-con-full e-flex e-con e-child\" data-id=\"99906d3\" data-element_type=\"container\" data-e-type=\"container\">\n\t\t\t\t<div class=\"elementor-element elementor-element-15ab901 elementor-widget elementor-widget-image\" data-id=\"15ab901\" data-element_type=\"widget\" data-e-type=\"widget\" data-widget_type=\"image.default\">\n\t\t\t\t<div class=\"elementor-widget-container\">\n\t\t\t\t\t\t\t\t\t\t\t\t\t\t\t<img fetchpriority=\"high\" decoding=\"async\" width=\"600\" height=\"869\" src=\"https:\/\/www.hviezdnenoci.sk\/wp-content\/uploads\/2025\/05\/7.jpg\" class=\"attachment-full size-full wp-image-1735\" alt=\"\" srcset=\"https:\/\/www.hviezdnenoci.sk\/wp-content\/uploads\/2025\/05\/7.jpg 600w, https:\/\/www.hviezdnenoci.sk\/wp-content\/uploads\/2025\/05\/7-207x300.jpg 207w\" sizes=\"(max-width: 600px) 100vw, 600px\" \/>\t\t\t\t\t\t\t\t\t\t\t\t\t\t\t<\/div>\n\t\t\t\t<\/div>\n\t\t\t\t<\/div>\n\t\t<div class=\"elementor-element elementor-element-81f7c78 e-con-full e-flex e-con e-child\" data-id=\"81f7c78\" data-element_type=\"container\" data-e-type=\"container\">\n\t\t\t\t<div class=\"elementor-element elementor-element-b00195b elementor-widget-mobile__width-inherit elementor-widget elementor-widget-heading\" data-id=\"b00195b\" data-element_type=\"widget\" data-e-type=\"widget\" data-widget_type=\"heading.default\">\n\t\t\t\t<div class=\"elementor-widget-container\">\n\t\t\t\t\t<h2 class=\"elementor-heading-title elementor-size-default\">Argentinian sound experimenter, improviser and producer Javier Areal V\u00e9lez will present his generative set Semiautom\u00e1tico at the festival. The vivid layering of electronic textures in V\u00e9lez's set extend the human hand into a post-humanist sonic mosaic made up of polyrhythms and post-digital landscapes. The performance is completely improvised and extends from the first rhythmic cues to dance-like gradations.<\/h2>\t\t\t\t<\/div>\n\t\t\t\t<\/div>\n\t\t\t\t<div class=\"elementor-element elementor-element-50db25d elementor-widget elementor-widget-button\" data-id=\"50db25d\" data-element_type=\"widget\" data-e-type=\"widget\" data-widget_type=\"button.default\">\n\t\t\t\t<div class=\"elementor-widget-container\">\n\t\t\t\t\t\t\t\t\t<div class=\"elementor-button-wrapper\">\n\t\t\t\t\t<a class=\"elementor-button elementor-button-link elementor-size-sm\" href=\"https:\/\/tootoot.fm\/sk\/events\/67e9541ed1701aca91facc18?fbclid=IwY2xjawJWNstleHRuA2FlbQIxMAABHTOmJrqtaKCokzYyouyLUFQVsP2Fl_hWDtzUbWKwM3F4eMlP24u1ZzFxQA_aem_IwkBuMP0JNcdpVACPuPyhA\" target=\"_blank\" rel=\"noopener\">\n\t\t\t\t\t\t<span class=\"elementor-button-content-wrapper\">\n\t\t\t\t\t\t\t\t\t<span class=\"elementor-button-text\">Tickets<\/span>\n\t\t\t\t\t<\/span>\n\t\t\t\t\t<\/a>\n\t\t\t\t<\/div>\n\t\t\t\t\t\t\t\t<\/div>\n\t\t\t\t<\/div>\n\t\t\t\t<div class=\"elementor-element elementor-element-404f53c elementor-widget elementor-widget-html\" data-id=\"404f53c\" data-element_type=\"widget\" data-e-type=\"widget\" data-widget_type=\"html.default\">\n\t\t\t\t<div class=\"elementor-widget-container\">\n\t\t\t\t\t<iframe style=\"border: 0; width: 415px; height: 535px;\" data-src=\"https:\/\/bandcamp.com\/EmbeddedPlayer\/album=2826169446\/size=large\/bgcol=333333\/linkcol=ffffff\/tracklist=false\/transparent=true\/\" seamless src=\"data:image\/svg+xml;base64,PHN2ZyB3aWR0aD0iMSIgaGVpZ2h0PSIxIiB4bWxucz0iaHR0cDovL3d3dy53My5vcmcvMjAwMC9zdmciPjwvc3ZnPg==\" class=\"lazyload\" data-load-mode=\"1\"><a href=\"https:\/\/javierarealvelez.bandcamp.com\/album\/rrrrrrrrrr-tktk\" target=\"_blank\" rel=\"noopener\">rrrrrrrrrr tKtK by Javier Areal V\u00e9lez<\/a><\/iframe>\t\t\t\t<\/div>\n\t\t\t\t<\/div>\n\t\t\t\t<\/div>\n\t\t\t\t\t<\/div>\n\t\t\t\t<\/div>\n\t\t\t\t<\/div>","protected":false},"excerpt":{"rendered":"<p>Javier Areal V\u00e9lez (AR) (Elektronick\u00e9 text\u00fary) Argent\u00ednsky zvukov\u00fd experiment\u00e1tor, improviz\u00e1tor a producent Javier Areal V\u00e9lez sa na festivale predstav\u00ed so svojim generat\u00edvnym setom Semiautom\u00e1tico. \u017div\u00e9 vrstivace sa elektronick\u00e9 text\u00fary vo V\u00e9lezovom sete predl\u017euj\u00fa \u013eudsk\u00fa ruku do posthumanistickej zvukovej mozaiky tvorenej z polyrytmov a post-digit\u00e1lnych krajiniek. Predstavenie je kompletne improvizovan\u00e9 a od prv\u00fdch rytmov\u00fdch n\u00e1znakov siaha [&hellip;]<\/p>\n","protected":false},"author":1,"featured_media":0,"parent":0,"menu_order":0,"comment_status":"closed","ping_status":"closed","template":"elementor_header_footer","meta":{"_acf_changed":false,"inline_featured_image":false,"footnotes":""},"class_list":["post-2297","page","type-page","status-publish","hentry"],"acf":[],"_links":{"self":[{"href":"https:\/\/www.hviezdnenoci.sk\/en\/wp-json\/wp\/v2\/pages\/2297","targetHints":{"allow":["GET"]}}],"collection":[{"href":"https:\/\/www.hviezdnenoci.sk\/en\/wp-json\/wp\/v2\/pages"}],"about":[{"href":"https:\/\/www.hviezdnenoci.sk\/en\/wp-json\/wp\/v2\/types\/page"}],"author":[{"embeddable":true,"href":"https:\/\/www.hviezdnenoci.sk\/en\/wp-json\/wp\/v2\/users\/1"}],"replies":[{"embeddable":true,"href":"https:\/\/www.hviezdnenoci.sk\/en\/wp-json\/wp\/v2\/comments?post=2297"}],"version-history":[{"count":4,"href":"https:\/\/www.hviezdnenoci.sk\/en\/wp-json\/wp\/v2\/pages\/2297\/revisions"}],"predecessor-version":[{"id":2301,"href":"https:\/\/www.hviezdnenoci.sk\/en\/wp-json\/wp\/v2\/pages\/2297\/revisions\/2301"}],"wp:attachment":[{"href":"https:\/\/www.hviezdnenoci.sk\/en\/wp-json\/wp\/v2\/media?parent=2297"}],"curies":[{"name":"wp","href":"https:\/\/api.w.org\/{rel}","templated":true}]}}