{"id":2284,"date":"2025-05-15T12:11:34","date_gmt":"2025-05-15T10:11:34","guid":{"rendered":"https:\/\/www.hviezdnenoci.sk\/?page_id=2284"},"modified":"2025-05-15T12:13:19","modified_gmt":"2025-05-15T10:13:19","slug":"black-tar-jesus","status":"publish","type":"page","link":"https:\/\/www.hviezdnenoci.sk\/en\/black-tar-jesus\/","title":{"rendered":"Black Tar Jesus (CZ)"},"content":{"rendered":"<div data-elementor-type=\"wp-page\" data-elementor-id=\"2284\" class=\"elementor elementor-2284\" data-elementor-post-type=\"page\">\n\t\t\t\t<div class=\"elementor-element elementor-element-5b45d8e e-flex e-con-boxed e-con e-parent\" data-id=\"5b45d8e\" data-element_type=\"container\" data-e-type=\"container\" data-settings=\"{&quot;background_background&quot;:&quot;classic&quot;}\">\n\t\t\t\t\t<div class=\"e-con-inner\">\n\t\t\t\t<div class=\"elementor-element elementor-element-2c6b520 elementor-widget elementor-widget-heading\" data-id=\"2c6b520\" data-element_type=\"widget\" data-e-type=\"widget\" data-widget_type=\"heading.default\">\n\t\t\t\t<div class=\"elementor-widget-container\">\n\t\t\t\t\t<h2 class=\"elementor-heading-title elementor-size-default\">Black Tar Jesus (CZ)<\/h2>\t\t\t\t<\/div>\n\t\t\t\t<\/div>\n\t\t\t\t<div class=\"elementor-element elementor-element-f6098f2 elementor-widget elementor-widget-heading\" data-id=\"f6098f2\" data-element_type=\"widget\" data-e-type=\"widget\" data-widget_type=\"heading.default\">\n\t\t\t\t<div class=\"elementor-widget-container\">\n\t\t\t\t\t<h2 class=\"elementor-heading-title elementor-size-default\">(Elektronick\u00e9 text\u00fary)<\/h2>\t\t\t\t<\/div>\n\t\t\t\t<\/div>\n\t\t\t\t\t<\/div>\n\t\t\t\t<\/div>\n\t\t<div class=\"elementor-element elementor-element-a8484dd e-flex e-con-boxed e-con e-parent\" data-id=\"a8484dd\" data-element_type=\"container\" data-e-type=\"container\" data-settings=\"{&quot;background_background&quot;:&quot;classic&quot;}\">\n\t\t\t\t\t<div class=\"e-con-inner\">\n\t\t<div class=\"elementor-element elementor-element-99906d3 e-con-full e-flex e-con e-child\" data-id=\"99906d3\" data-element_type=\"container\" data-e-type=\"container\">\n\t\t\t\t<div class=\"elementor-element elementor-element-15ab901 elementor-widget elementor-widget-image\" data-id=\"15ab901\" data-element_type=\"widget\" data-e-type=\"widget\" data-widget_type=\"image.default\">\n\t\t\t\t<div class=\"elementor-widget-container\">\n\t\t\t\t\t\t\t\t\t\t\t\t\t\t\t<img fetchpriority=\"high\" decoding=\"async\" width=\"600\" height=\"869\" src=\"https:\/\/www.hviezdnenoci.sk\/wp-content\/uploads\/2025\/05\/3.jpg\" class=\"attachment-full size-full wp-image-1731\" alt=\"\" srcset=\"https:\/\/www.hviezdnenoci.sk\/wp-content\/uploads\/2025\/05\/3.jpg 600w, https:\/\/www.hviezdnenoci.sk\/wp-content\/uploads\/2025\/05\/3-207x300.jpg 207w\" sizes=\"(max-width: 600px) 100vw, 600px\" \/>\t\t\t\t\t\t\t\t\t\t\t\t\t\t\t<\/div>\n\t\t\t\t<\/div>\n\t\t\t\t<\/div>\n\t\t<div class=\"elementor-element elementor-element-81f7c78 e-con-full e-flex e-con e-child\" data-id=\"81f7c78\" data-element_type=\"container\" data-e-type=\"container\">\n\t\t\t\t<div class=\"elementor-element elementor-element-b00195b elementor-widget-mobile__width-inherit elementor-widget elementor-widget-heading\" data-id=\"b00195b\" data-element_type=\"widget\" data-e-type=\"widget\" data-widget_type=\"heading.default\">\n\t\t\t\t<div class=\"elementor-widget-container\">\n\t\t\t\t\t<h2 class=\"elementor-heading-title elementor-size-default\">Tomas Kopacek's transformative guitar project, Black Tar Jesus, is back again with Aftermath, a collaboration with Filip Misik (Khoiba). Together with him, Kop\u00e1\u010dek also performs live. On Aftermath, Black Tar Jesus accompanies his newly constructed soundscape, where veiled emo guitar arpeggios and atmospheric electronic textures set the rules. The timelessness of the album is recorded by a multitude of unidentifiable moods that seep through the listener like the changing seasons.<\/h2>\t\t\t\t<\/div>\n\t\t\t\t<\/div>\n\t\t\t\t<div class=\"elementor-element elementor-element-50db25d elementor-widget elementor-widget-button\" data-id=\"50db25d\" data-element_type=\"widget\" data-e-type=\"widget\" data-widget_type=\"button.default\">\n\t\t\t\t<div class=\"elementor-widget-container\">\n\t\t\t\t\t\t\t\t\t<div class=\"elementor-button-wrapper\">\n\t\t\t\t\t<a class=\"elementor-button elementor-button-link elementor-size-sm\" href=\"https:\/\/tootoot.fm\/sk\/events\/67e9541ed1701aca91facc18?fbclid=IwY2xjawJWNstleHRuA2FlbQIxMAABHTOmJrqtaKCokzYyouyLUFQVsP2Fl_hWDtzUbWKwM3F4eMlP24u1ZzFxQA_aem_IwkBuMP0JNcdpVACPuPyhA\" target=\"_blank\" rel=\"noopener\">\n\t\t\t\t\t\t<span class=\"elementor-button-content-wrapper\">\n\t\t\t\t\t\t\t\t\t<span class=\"elementor-button-text\">Tickets<\/span>\n\t\t\t\t\t<\/span>\n\t\t\t\t\t<\/a>\n\t\t\t\t<\/div>\n\t\t\t\t\t\t\t\t<\/div>\n\t\t\t\t<\/div>\n\t\t\t\t<div class=\"elementor-element elementor-element-404f53c elementor-widget elementor-widget-html\" data-id=\"404f53c\" data-element_type=\"widget\" data-e-type=\"widget\" data-widget_type=\"html.default\">\n\t\t\t\t<div class=\"elementor-widget-container\">\n\t\t\t\t\t<iframe width=\"560\" height=\"415\" data-src=\"https:\/\/www.youtube.com\/embed\/ygwrq9nxXKk?si=WmT-T3o_N2rJuGly&amp;controls=0&amp;start=12\" title=\"YouTube video player\" frameborder=\"0\" allow=\"accelerometer; autoplay; clipboard-write; encrypted-media; gyroscope; picture-in-picture; web-share\" referrerpolicy=\"strict-origin-when-cross-origin\" allowfullscreen src=\"data:image\/svg+xml;base64,PHN2ZyB3aWR0aD0iMSIgaGVpZ2h0PSIxIiB4bWxucz0iaHR0cDovL3d3dy53My5vcmcvMjAwMC9zdmciPjwvc3ZnPg==\" class=\"lazyload\" data-load-mode=\"1\"><\/iframe>\t\t\t\t<\/div>\n\t\t\t\t<\/div>\n\t\t\t\t<\/div>\n\t\t\t\t\t<\/div>\n\t\t\t\t<\/div>\n\t\t\t\t<\/div>","protected":false},"excerpt":{"rendered":"<p>Black Tar Jesus (CZ) (Elektronick\u00e9 text\u00fary) Premenliv\u00fd gitarov\u00fd projekt Tom\u00e1\u0161a Kop\u00e1\u010dka, Black Tar Jesus, sa op\u00e4\u0165 pripom\u00edna s albumom Aftermath, ktor\u00fd vznikol v spolupr\u00e1ci s Filipom Mi\u0161\u00edkom (Khoiba). Spolo\u010dne s n\u00edm vystupuje Kop\u00e1\u010dek aj na\u017eivo. Black Tar Jesus na albume Aftermath sprev\u00e1dza svojou novovybudovanou zvukovou krajinou, v ktorej pravidl\u00e1 ur\u010duj\u00fa zastren\u00e9 emo gitarov\u00e9 arpeggia a [&hellip;]<\/p>\n","protected":false},"author":1,"featured_media":0,"parent":0,"menu_order":0,"comment_status":"closed","ping_status":"closed","template":"elementor_header_footer","meta":{"_acf_changed":false,"inline_featured_image":false,"footnotes":""},"class_list":["post-2284","page","type-page","status-publish","hentry"],"acf":[],"_links":{"self":[{"href":"https:\/\/www.hviezdnenoci.sk\/en\/wp-json\/wp\/v2\/pages\/2284","targetHints":{"allow":["GET"]}}],"collection":[{"href":"https:\/\/www.hviezdnenoci.sk\/en\/wp-json\/wp\/v2\/pages"}],"about":[{"href":"https:\/\/www.hviezdnenoci.sk\/en\/wp-json\/wp\/v2\/types\/page"}],"author":[{"embeddable":true,"href":"https:\/\/www.hviezdnenoci.sk\/en\/wp-json\/wp\/v2\/users\/1"}],"replies":[{"embeddable":true,"href":"https:\/\/www.hviezdnenoci.sk\/en\/wp-json\/wp\/v2\/comments?post=2284"}],"version-history":[{"count":4,"href":"https:\/\/www.hviezdnenoci.sk\/en\/wp-json\/wp\/v2\/pages\/2284\/revisions"}],"predecessor-version":[{"id":2288,"href":"https:\/\/www.hviezdnenoci.sk\/en\/wp-json\/wp\/v2\/pages\/2284\/revisions\/2288"}],"wp:attachment":[{"href":"https:\/\/www.hviezdnenoci.sk\/en\/wp-json\/wp\/v2\/media?parent=2284"}],"curies":[{"name":"wp","href":"https:\/\/api.w.org\/{rel}","templated":true}]}}