{"id":2075,"date":"2025-05-15T09:44:47","date_gmt":"2025-05-15T07:44:47","guid":{"rendered":"https:\/\/www.hviezdnenoci.sk\/?page_id=2075"},"modified":"2025-06-13T09:14:40","modified_gmt":"2025-06-13T07:14:40","slug":"faq","status":"publish","type":"page","link":"https:\/\/www.hviezdnenoci.sk\/en\/faq\/","title":{"rendered":"FAQ"},"content":{"rendered":"<div data-elementor-type=\"wp-page\" data-elementor-id=\"2075\" class=\"elementor elementor-2075\" data-elementor-post-type=\"page\">\n\t\t\t\t<div class=\"elementor-element elementor-element-a09dd09 e-flex e-con-boxed e-con e-parent\" data-id=\"a09dd09\" data-element_type=\"container\" data-e-type=\"container\" data-settings=\"{&quot;background_background&quot;:&quot;classic&quot;}\">\n\t\t\t\t\t<div class=\"e-con-inner\">\n\t\t\t\t<div class=\"elementor-element elementor-element-f65ed7c elementor-widget elementor-widget-heading\" data-id=\"f65ed7c\" data-element_type=\"widget\" data-e-type=\"widget\" data-widget_type=\"heading.default\">\n\t\t\t\t<div class=\"elementor-widget-container\">\n\t\t\t\t\t<h2 class=\"elementor-heading-title elementor-size-default\">FAQ<\/h2>\t\t\t\t<\/div>\n\t\t\t\t<\/div>\n\t\t\t\t<div class=\"elementor-element elementor-element-f149f41 elementor-widget elementor-widget-heading\" data-id=\"f149f41\" data-element_type=\"widget\" data-e-type=\"widget\" data-widget_type=\"heading.default\">\n\t\t\t\t<div class=\"elementor-widget-container\">\n\t\t\t\t\t<h2 class=\"elementor-heading-title elementor-size-default\">Where and when does the Hviezdne noci festival take place?<\/h2>\t\t\t\t<\/div>\n\t\t\t\t<\/div>\n\t\t\t\t<div class=\"elementor-element elementor-element-b36b9b1 elementor-widget__width-initial elementor-widget elementor-widget-text-editor\" data-id=\"b36b9b1\" data-element_type=\"widget\" data-e-type=\"widget\" data-widget_type=\"text-editor.default\">\n\t\t\t\t<div class=\"elementor-widget-container\">\n\t\t\t\t\t\t\t\t\t<p class=\"translation-block\">Festival Hviezdne noci takes place in <strong>\u017dilina, 13th and 14th June<\/strong><\/p><p><span style=\"font-weight: 400;\"><br \/><\/span><span style=\"font-weight: 400;\">The festival is based at Stanica-Z\u00e1rie\u010die and the New Synagogue, where most of the program takes place. Accreditation is available at <strong>Novej synag\u00f3ge<\/strong>.<\/span><span style=\"font-weight: 400;\"><br \/><\/span><span style=\"font-weight: 400;\"><br \/><\/span><strong>Nov\u00e1 synag\u00f3ga -&gt; <\/strong><a href=\"https:\/\/maps.app.goo.gl\/xGpMsyRPfQXVRJ7k9\" target=\"_blank\" rel=\"noopener\"><span style=\"font-weight: 400;\">https:\/\/maps.app.goo.gl\/xGpMsyRPfQXVRJ7k9<\/span><span style=\"font-weight: 400;\"><br \/><\/span><\/a><strong>Stanica-Z\u00e1rie\u010die -&gt; <\/strong><a href=\"https:\/\/maps.app.goo.gl\/TJ7FtB89pWoXWzXu9\" target=\"_blank\" rel=\"noopener\"><span style=\"font-weight: 400;\">https:\/\/maps.app.goo.gl\/TJ7FtB89pWoXWzXu9<\/span><b><\/b><\/a><\/p>\t\t\t\t\t\t\t\t<\/div>\n\t\t\t\t<\/div>\n\t\t\t\t<div class=\"elementor-element elementor-element-f412494 elementor-widget elementor-widget-heading\" data-id=\"f412494\" data-element_type=\"widget\" data-e-type=\"widget\" data-widget_type=\"heading.default\">\n\t\t\t\t<div class=\"elementor-widget-container\">\n\t\t\t\t\t<h2 class=\"elementor-heading-title elementor-size-default\">Can I buy tickets for individual concerts?\n<\/h2>\t\t\t\t<\/div>\n\t\t\t\t<\/div>\n\t\t\t\t<div class=\"elementor-element elementor-element-7a7c15b elementor-widget__width-initial elementor-widget elementor-widget-text-editor\" data-id=\"7a7c15b\" data-element_type=\"widget\" data-e-type=\"widget\" data-widget_type=\"text-editor.default\">\n\t\t\t\t<div class=\"elementor-widget-container\">\n\t\t\t\t\t\t\t\t\t<p class=\"translation-block\">Yes, you can buy tickets for individual concert blocks on our tootoot website. The same option will be available at the box office during the festival. Accreditation will be available at the New Synagogue.\n\nTickets for Abfall can be purchased directly in front of the garages.<\/p>\t\t\t\t\t\t\t\t<\/div>\n\t\t\t\t<\/div>\n\t\t\t\t<div class=\"elementor-element elementor-element-2d57c3a elementor-widget elementor-widget-heading\" data-id=\"2d57c3a\" data-element_type=\"widget\" data-e-type=\"widget\" data-widget_type=\"heading.default\">\n\t\t\t\t<div class=\"elementor-widget-container\">\n\t\t\t\t\t<h2 class=\"elementor-heading-title elementor-size-default\">How do I get to the festival?\n<\/h2>\t\t\t\t<\/div>\n\t\t\t\t<\/div>\n\t\t\t\t<div class=\"elementor-element elementor-element-a96f084 elementor-widget__width-initial elementor-widget elementor-widget-text-editor\" data-id=\"a96f084\" data-element_type=\"widget\" data-e-type=\"widget\" data-widget_type=\"text-editor.default\">\n\t\t\t\t<div class=\"elementor-widget-container\">\n\t\t\t\t\t\t\t\t\t<p class=\"translation-block\">From the railway station, you can reach the festival center - Stanice-Z\u00e1rie\u010die (H\u00e1lkova stop) by public transport using line 6.<\/p><p class=\"translation-block\">The main venue, the New Synagogue, is located within walking distance of the railway station. Just cross N\u00e1rodn\u00e1 Street, Hlinkovo Square, and then J.M. Hurban Street.\n\nWe would also like to draw your attention to the possibility of transportation by shared KIA bicycles. You will find them in front of the New Synagogue and Stanica-Z\u00e1rie\u010die.<\/p><p><strong>More about this option -&gt;\u00a0<a href=\"https:\/\/bikekia.sk\/nenechajte-si-ujst-festival-hviezdne-noci-na-ktory-a-pohodlne-prepravite-zdielanymi-bajkmi-bikekia\/\" target=\"_blank\" rel=\"noopener\">BikeKIA<\/a><\/strong><\/p>\t\t\t\t\t\t\t\t<\/div>\n\t\t\t\t<\/div>\n\t\t\t\t<div class=\"elementor-element elementor-element-cbd94e2 elementor-widget elementor-widget-heading\" data-id=\"cbd94e2\" data-element_type=\"widget\" data-e-type=\"widget\" data-widget_type=\"heading.default\">\n\t\t\t\t<div class=\"elementor-widget-container\">\n\t\t\t\t\t<h2 class=\"elementor-heading-title elementor-size-default\">How do I get to the Abfall Friday night club night?\n<\/h2>\t\t\t\t<\/div>\n\t\t\t\t<\/div>\n\t\t\t\t<div class=\"elementor-element elementor-element-5dccaad elementor-widget__width-initial elementor-widget elementor-widget-text-editor\" data-id=\"5dccaad\" data-element_type=\"widget\" data-e-type=\"widget\" data-widget_type=\"text-editor.default\">\n\t\t\t\t<div class=\"elementor-widget-container\">\n\t\t\t\t\t\t\t\t\t<p class=\"translation-block\">We will run a festival shuttle bus to Abfall from in front of the New Synagogue (Hurbanova public transport stop - opposite the Synagogue). The bus to Abfall will depart at 00:00.\n\nFrom Abfall, you can get back to the city center by two connections at 02:30 and 04:00. The bus will stop at two stops (Stanica-Z\u00e1rie\u010die and Nov\u00e1 Synag\u00f3ga).<\/p>\t\t\t\t\t\t\t\t<\/div>\n\t\t\t\t<\/div>\n\t\t\t\t<div class=\"elementor-element elementor-element-4d23344 elementor-widget elementor-widget-heading\" data-id=\"4d23344\" data-element_type=\"widget\" data-e-type=\"widget\" data-widget_type=\"heading.default\">\n\t\t\t\t<div class=\"elementor-widget-container\">\n\t\t\t\t\t<h2 class=\"elementor-heading-title elementor-size-default\"><a href=\"https:\/\/www.google.com\/maps\/place\/\/data=!4m2!3m1!1s0x47145ea49fc45cf1:0xfeec9ca9a043f26a?sa=X&#038;ved=1t:8290&#038;ictx=111\" target=\"_blank\" rel=\"noopener\">Mapa<\/a><\/h2>\t\t\t\t<\/div>\n\t\t\t\t<\/div>\n\t\t\t\t<div class=\"elementor-element elementor-element-ebec6d6 elementor-widget elementor-widget-heading\" data-id=\"ebec6d6\" data-element_type=\"widget\" data-e-type=\"widget\" data-widget_type=\"heading.default\">\n\t\t\t\t<div class=\"elementor-widget-container\">\n\t\t\t\t\t<h2 class=\"elementor-heading-title elementor-size-default\">What are the accommodation options during the festival?\n<\/h2>\t\t\t\t<\/div>\n\t\t\t\t<\/div>\n\t\t\t\t<div class=\"elementor-element elementor-element-6e50c64 elementor-widget__width-initial elementor-widget elementor-widget-text-editor\" data-id=\"6e50c64\" data-element_type=\"widget\" data-e-type=\"widget\" data-widget_type=\"text-editor.default\">\n\t\t\t\t<div class=\"elementor-widget-container\">\n\t\t\t\t\t\t\t\t\t<p class=\"translation-block\">We provide an unguarded tent city with toilets and showers on the festival grounds. Admission (\u20ac5 per person) can be purchased on our website or directly at the ticket office upon arrival. \n\nIn addition to the tent city, we recommend accommodation at the Boss, Dubn\u00e1 skala, Kam\u00e9lia, or Slovakia hotel. You can also find apartments on Airbnb. Don't hesitate to book your accommodation, as the European Under-21 Championship football matches are taking place in \u017dilina during the Starry Nights, and several hotels are reporting that they are fully booked.<\/p>\t\t\t\t\t\t\t\t<\/div>\n\t\t\t\t<\/div>\n\t\t\t\t<div class=\"elementor-element elementor-element-0d17079 elementor-widget elementor-widget-heading\" data-id=\"0d17079\" data-element_type=\"widget\" data-e-type=\"widget\" data-widget_type=\"heading.default\">\n\t\t\t\t<div class=\"elementor-widget-container\">\n\t\t\t\t\t<h2 class=\"elementor-heading-title elementor-size-default\">What if I want to stay in a tent city the day before, is that possible?<\/h2>\t\t\t\t<\/div>\n\t\t\t\t<\/div>\n\t\t\t\t<div class=\"elementor-element elementor-element-1dce9d6 elementor-widget__width-initial elementor-widget elementor-widget-text-editor\" data-id=\"1dce9d6\" data-element_type=\"widget\" data-e-type=\"widget\" data-widget_type=\"text-editor.default\">\n\t\t\t\t<div class=\"elementor-widget-container\">\n\t\t\t\t\t\t\t\t\t<p class=\"translation-block\">Yes, we are opening the tent city on Thursday <strong>12.6. at 18:00.<\/strong><\/p>\t\t\t\t\t\t\t\t<\/div>\n\t\t\t\t<\/div>\n\t\t\t\t<div class=\"elementor-element elementor-element-dfe425f elementor-widget elementor-widget-heading\" data-id=\"dfe425f\" data-element_type=\"widget\" data-e-type=\"widget\" data-widget_type=\"heading.default\">\n\t\t\t\t<div class=\"elementor-widget-container\">\n\t\t\t\t\t<h2 class=\"elementor-heading-title elementor-size-default\">Is there an age limit at the festival?\n<\/h2>\t\t\t\t<\/div>\n\t\t\t\t<\/div>\n\t\t\t\t<div class=\"elementor-element elementor-element-59901dc elementor-widget__width-initial elementor-widget elementor-widget-text-editor\" data-id=\"59901dc\" data-element_type=\"widget\" data-e-type=\"widget\" data-widget_type=\"text-editor.default\">\n\t\t\t\t<div class=\"elementor-widget-container\">\n\t\t\t\t\t\t\t\t\t<p class=\"translation-block\">No, it is not, children under 15 years of age can enter the festival for free.<\/p>\t\t\t\t\t\t\t\t<\/div>\n\t\t\t\t<\/div>\n\t\t\t\t<div class=\"elementor-element elementor-element-b33d14c elementor-widget elementor-widget-heading\" data-id=\"b33d14c\" data-element_type=\"widget\" data-e-type=\"widget\" data-widget_type=\"heading.default\">\n\t\t\t\t<div class=\"elementor-widget-container\">\n\t\t\t\t\t<h2 class=\"elementor-heading-title elementor-size-default\">Will there be a food zone at the festival?\n<\/h2>\t\t\t\t<\/div>\n\t\t\t\t<\/div>\n\t\t\t\t<div class=\"elementor-element elementor-element-317e5a3 elementor-widget__width-initial elementor-widget elementor-widget-text-editor\" data-id=\"317e5a3\" data-element_type=\"widget\" data-e-type=\"widget\" data-widget_type=\"text-editor.default\">\n\t\t\t\t<div class=\"elementor-widget-container\">\n\t\t\t\t\t\t\t\t\t<p class=\"translation-block\">During the festival, NhaBe Bistro will serve refreshments on the terrace of the New Synagogue. No need to run off between concerts! Lunch and dinner will be right at your fingertips.<\/p><p><span style=\"font-weight: 400;\">As there are a number of very good restaurants and businesses close to the festival, we recommend trying the local selection.<\/span><\/p><p class=\"translation-block\">A few recommendations from local gastronomy: \nBISTRO SAIGON - a very tasty Asian restaurant near the New Synagogue<\/p><p><strong>OLIVIA\u2019S<\/strong> - Italian restaurant on the Boulevard<\/p><p class=\"translation-block\"><strong>FOCUS<\/strong> - such a taste<\/p><p class=\"translation-block\"><strong>SPAGO<\/strong> - super breakfast and lunch in the form of sweet and savoury pancakes<\/p><p class=\"translation-block\"><strong>EPIKA \u017dilina<\/strong> - caf\u00e9 with varied breakfast<\/p><p class=\"translation-block\"><strong>MAKALU<\/strong> - Indian restaurant near the New Synagogue<\/p><p><strong>PORKBELLY<\/strong> \u2013 burger!<\/p>\t\t\t\t\t\t\t\t<\/div>\n\t\t\t\t<\/div>\n\t\t\t\t\t<\/div>\n\t\t\t\t<\/div>\n\t\t\t\t<\/div>","protected":false},"excerpt":{"rendered":"<p>FAQ Kde a kedy sa odohr\u00e1va festival Hviezdne noci? Festival Hviezdne noci sa kon\u00e1 v \u017diline, 13. a 14.6. Z\u00e1zemie festivalu je v priestoroch Stanice-Z\u00e1rie\u010die a Novej synag\u00f3gy, kde prebieha v\u00e4\u010d\u0161ina programu. Akreditova\u0165 sa je mo\u017en\u00e9 v Novej synag\u00f3ge. Nov\u00e1 synag\u00f3ga -&gt; https:\/\/maps.app.goo.gl\/xGpMsyRPfQXVRJ7k9Stanica-Z\u00e1rie\u010die -&gt; https:\/\/maps.app.goo.gl\/TJ7FtB89pWoXWzXu9 Daj\u00fa sa k\u00fapi\u0165 l\u00edstky aj na jednotliv\u00e9 koncerty? \u00c1no, na [&hellip;]<\/p>\n","protected":false},"author":1,"featured_media":623,"parent":0,"menu_order":0,"comment_status":"closed","ping_status":"closed","template":"elementor_header_footer","meta":{"_acf_changed":false,"inline_featured_image":false,"footnotes":""},"class_list":["post-2075","page","type-page","status-publish","has-post-thumbnail","hentry"],"acf":[],"_links":{"self":[{"href":"https:\/\/www.hviezdnenoci.sk\/en\/wp-json\/wp\/v2\/pages\/2075","targetHints":{"allow":["GET"]}}],"collection":[{"href":"https:\/\/www.hviezdnenoci.sk\/en\/wp-json\/wp\/v2\/pages"}],"about":[{"href":"https:\/\/www.hviezdnenoci.sk\/en\/wp-json\/wp\/v2\/types\/page"}],"author":[{"embeddable":true,"href":"https:\/\/www.hviezdnenoci.sk\/en\/wp-json\/wp\/v2\/users\/1"}],"replies":[{"embeddable":true,"href":"https:\/\/www.hviezdnenoci.sk\/en\/wp-json\/wp\/v2\/comments?post=2075"}],"version-history":[{"count":92,"href":"https:\/\/www.hviezdnenoci.sk\/en\/wp-json\/wp\/v2\/pages\/2075\/revisions"}],"predecessor-version":[{"id":3515,"href":"https:\/\/www.hviezdnenoci.sk\/en\/wp-json\/wp\/v2\/pages\/2075\/revisions\/3515"}],"wp:featuredmedia":[{"embeddable":true,"href":"https:\/\/www.hviezdnenoci.sk\/en\/wp-json\/wp\/v2\/media\/623"}],"wp:attachment":[{"href":"https:\/\/www.hviezdnenoci.sk\/en\/wp-json\/wp\/v2\/media?parent=2075"}],"curies":[{"name":"wp","href":"https:\/\/api.w.org\/{rel}","templated":true}]}}