{"id":1568,"date":"2025-04-22T18:07:14","date_gmt":"2025-04-22T16:07:14","guid":{"rendered":"https:\/\/www.hviezdnenoci.sk\/?page_id=1568"},"modified":"2025-05-30T20:48:38","modified_gmt":"2025-05-30T18:48:38","slug":"dobrovolnici","status":"publish","type":"page","link":"https:\/\/www.hviezdnenoci.sk\/en\/dobrovolnici\/","title":{"rendered":"Volunteers"},"content":{"rendered":"<div data-elementor-type=\"wp-page\" data-elementor-id=\"1568\" class=\"elementor elementor-1568\" data-elementor-post-type=\"page\">\n\t\t\t\t<div class=\"elementor-element elementor-element-bbdc1db e-flex e-con-boxed e-con e-parent\" data-id=\"bbdc1db\" data-element_type=\"container\" data-e-type=\"container\" data-settings=\"{&quot;background_background&quot;:&quot;classic&quot;}\">\n\t\t\t\t\t<div class=\"e-con-inner\">\n\t\t\t\t<div class=\"elementor-element elementor-element-856baf5 elementor-widget elementor-widget-heading\" data-id=\"856baf5\" data-element_type=\"widget\" data-e-type=\"widget\" data-widget_type=\"heading.default\">\n\t\t\t\t<div class=\"elementor-widget-container\">\n\t\t\t\t\t<h2 class=\"elementor-heading-title elementor-size-default\">We need volunteers like salt\ud83e\uddc2!<\/h2>\t\t\t\t<\/div>\n\t\t\t\t<\/div>\n\t\t\t\t\t<\/div>\n\t\t\t\t<\/div>\n\t\t<div class=\"elementor-element elementor-element-a09dd09 e-flex e-con-boxed e-con e-parent\" data-id=\"a09dd09\" data-element_type=\"container\" data-e-type=\"container\" data-settings=\"{&quot;background_background&quot;:&quot;classic&quot;}\">\n\t\t\t\t\t<div class=\"e-con-inner\">\n\t\t\t\t<div class=\"elementor-element elementor-element-ede81ad elementor-hidden-mobile elementor-widget elementor-widget-image\" data-id=\"ede81ad\" data-element_type=\"widget\" data-e-type=\"widget\" data-widget_type=\"image.default\">\n\t\t\t\t<div class=\"elementor-widget-container\">\n\t\t\t\t\t\t\t\t\t\t\t\t\t\t\t<img fetchpriority=\"high\" decoding=\"async\" width=\"1336\" height=\"500\" src=\"https:\/\/www.hviezdnenoci.sk\/wp-content\/uploads\/2025\/05\/banner-web-v01.png\" class=\"attachment-full size-full wp-image-1826\" alt=\"\" srcset=\"https:\/\/www.hviezdnenoci.sk\/wp-content\/uploads\/2025\/05\/banner-web-v01.png 1336w, https:\/\/www.hviezdnenoci.sk\/wp-content\/uploads\/2025\/05\/banner-web-v01-300x112.png 300w, https:\/\/www.hviezdnenoci.sk\/wp-content\/uploads\/2025\/05\/banner-web-v01-1024x383.png 1024w, https:\/\/www.hviezdnenoci.sk\/wp-content\/uploads\/2025\/05\/banner-web-v01-768x287.png 768w\" sizes=\"(max-width: 1336px) 100vw, 1336px\" \/>\t\t\t\t\t\t\t\t\t\t\t\t\t\t\t<\/div>\n\t\t\t\t<\/div>\n\t\t<div class=\"elementor-element elementor-element-6578ee8 e-con-full e-flex e-con e-child\" data-id=\"6578ee8\" data-element_type=\"container\" data-e-type=\"container\" data-settings=\"{&quot;background_background&quot;:&quot;classic&quot;}\">\n\t\t\t\t<div class=\"elementor-element elementor-element-ce68649 elementor-widget elementor-widget-heading\" data-id=\"ce68649\" data-element_type=\"widget\" data-e-type=\"widget\" data-widget_type=\"heading.default\">\n\t\t\t\t<div class=\"elementor-widget-container\">\n\t\t\t\t\t<h2 class=\"elementor-heading-title elementor-size-default\"><a href=\"#kontakt\">Contact<\/a><\/h2>\t\t\t\t<\/div>\n\t\t\t\t<\/div>\n\t\t\t\t<div class=\"elementor-element elementor-element-c00c337 elementor-widget elementor-widget-heading\" data-id=\"c00c337\" data-element_type=\"widget\" data-e-type=\"widget\" data-widget_type=\"heading.default\">\n\t\t\t\t<div class=\"elementor-widget-container\">\n\t\t\t\t\t<h2 class=\"elementor-heading-title elementor-size-default\"><a href=\"#formular\">Form<\/a><\/h2>\t\t\t\t<\/div>\n\t\t\t\t<\/div>\n\t\t\t\t<div class=\"elementor-element elementor-element-2fff28a elementor-widget elementor-widget-heading\" data-id=\"2fff28a\" data-element_type=\"widget\" data-e-type=\"widget\" data-widget_type=\"heading.default\">\n\t\t\t\t<div class=\"elementor-widget-container\">\n\t\t\t\t\t<h2 class=\"elementor-heading-title elementor-size-default\"><a href=\"#pravidla\">Rules<\/a><\/h2>\t\t\t\t<\/div>\n\t\t\t\t<\/div>\n\t\t\t\t<\/div>\n\t\t\t\t<div class=\"elementor-element elementor-element-79a8427 elementor-hidden-widescreen elementor-hidden-desktop elementor-hidden-laptop elementor-hidden-tablet_extra elementor-hidden-tablet elementor-hidden-mobile_extra elementor-widget elementor-widget-image\" data-id=\"79a8427\" data-element_type=\"widget\" data-e-type=\"widget\" data-widget_type=\"image.default\">\n\t\t\t\t<div class=\"elementor-widget-container\">\n\t\t\t\t\t\t\t\t\t\t\t\t\t\t\t<img decoding=\"async\" width=\"1080\" height=\"1350\" data-src=\"https:\/\/www.hviezdnenoci.sk\/wp-content\/uploads\/2025\/05\/post-skica-v06.png\" class=\"attachment-full size-full wp-image-1822 lazyload\" alt=\"\" data-srcset=\"https:\/\/www.hviezdnenoci.sk\/wp-content\/uploads\/2025\/05\/post-skica-v06.png 1080w, https:\/\/www.hviezdnenoci.sk\/wp-content\/uploads\/2025\/05\/post-skica-v06-240x300.png 240w, https:\/\/www.hviezdnenoci.sk\/wp-content\/uploads\/2025\/05\/post-skica-v06-819x1024.png 819w, https:\/\/www.hviezdnenoci.sk\/wp-content\/uploads\/2025\/05\/post-skica-v06-768x960.png 768w\" data-sizes=\"(max-width: 1080px) 100vw, 1080px\" src=\"data:image\/svg+xml;base64,PHN2ZyB3aWR0aD0iMSIgaGVpZ2h0PSIxIiB4bWxucz0iaHR0cDovL3d3dy53My5vcmcvMjAwMC9zdmciPjwvc3ZnPg==\" style=\"--smush-placeholder-width: 1080px; --smush-placeholder-aspect-ratio: 1080\/1350;\" \/>\t\t\t\t\t\t\t\t\t\t\t\t\t\t\t<\/div>\n\t\t\t\t<\/div>\n\t\t\t\t<div class=\"elementor-element elementor-element-ff51f7c elementor-widget elementor-widget-text-editor\" data-id=\"ff51f7c\" data-element_type=\"widget\" data-e-type=\"widget\" data-widget_type=\"text-editor.default\">\n\t\t\t\t<div class=\"elementor-widget-container\">\n\t\t\t\t\t\t\t\t\t<p>Do you want to be part of the Hviezdne noci Festival in \u017dilina ? Join the volunteer team and experience a lot of fun, try out different kinds of work, meet new people, experience great performances from Slovak and foreign performers.\u00a0<\/p><p>By filling in the form you will flavour the Starry Nights festival in \u017dilina with your presence. A couple of coordinators Karol\u00edna and Jozef are waiting for you \ud83d\udc6b<\/p><p>Join us and fill in the form.<strong>\u2193<\/strong><\/p>\t\t\t\t\t\t\t\t<\/div>\n\t\t\t\t<\/div>\n\t\t\t\t<div class=\"elementor-element elementor-element-574ea9e elementor-widget elementor-widget-heading\" data-id=\"574ea9e\" data-element_type=\"widget\" data-e-type=\"widget\" id=\"formular\" data-widget_type=\"heading.default\">\n\t\t\t\t<div class=\"elementor-widget-container\">\n\t\t\t\t\t<h2 class=\"elementor-heading-title elementor-size-default\"><a href=\"https:\/\/docs.google.com\/forms\/d\/e\/1FAIpQLSdFfxlTsiGiv5sO0f7nrbmlCry0UB2Ixy3yUBI5CRC4iDKTjw\/viewform\" target=\"_blank\" rel=\"noopener\">I'm in!<\/a><\/h2>\t\t\t\t<\/div>\n\t\t\t\t<\/div>\n\t\t\t\t<div class=\"elementor-element elementor-element-3edbf6f elementor-widget elementor-widget-heading\" data-id=\"3edbf6f\" data-element_type=\"widget\" data-e-type=\"widget\" data-widget_type=\"heading.default\">\n\t\t\t\t<div class=\"elementor-widget-container\">\n\t\t\t\t\t<h2 class=\"elementor-heading-title elementor-size-default\">What can volunteers expect from Hviezdne noci festival?<\/h2>\t\t\t\t<\/div>\n\t\t\t\t<\/div>\n\t\t\t\t<div class=\"elementor-element elementor-element-657c658 elementor-widget elementor-widget-text-editor\" data-id=\"657c658\" data-element_type=\"widget\" data-e-type=\"widget\" data-widget_type=\"text-editor.default\">\n\t\t\t\t<div class=\"elementor-widget-container\">\n\t\t\t\t\t\t\t\t\t<ul>\n \t<li>Each volunteer becomes a full member of our team, we will try to provide the best atmosphere by working together.<\/li>\n \t<li class=\"translation-block\">The volunteer works a maximum of 6 hours per day according to the assigned function on a specific day. Pokia\u013e je to mo\u017en\u00e9, zmeny i jednotliv\u00e9 funkcie s\u00fa pl\u00e1novan\u00e9 po dohode s dobrovo\u013en\u00edkmi.<\/li>\n \t<li>If you come to the festival with a group of friends or as a couple, we will try to make sure you have a good time together.<\/li>\n \t<li class=\"translation-block\">Most shifts range from 2 to 6 hours.<\/li>\n \t<li>Each volunteer will be trained. There is a friendly atmosphere throughout the team, so don't be afraid to ask questions or come up with your own suggestions.<\/li>\n \t<li class=\"translation-block\">Registration is via an online form, which is <strong>binding!<\/strong><\/li>\n \t<li>After the registration form is closed, each of the registrants will receive an information email with notification and further information.<\/li>\n \t<li>In case of full capacity, it will not be possible to accept all applicants.<\/li>\n \t<li class=\"translation-block\">You only become a volunteer after receiving a completed contract, which will be sent to you in an email, which is also <strong>binding!<\/strong><\/li>\n \t<li class=\"translation-block\">Volunteers will start the day before the festival, on <strong>Thursday 12.6.2025<\/strong>.<\/li>\n \t<li class=\"translation-block\">On Thursday <strong>June 12, 2025<\/strong> there will also be a training session and the first team meeting. You can also help with the preparatory work. Helping out before the festival is not compulsory, attending the training is.<\/li>\n \t<li>The work of the volunteer ends on the day of the festival. Of course, there is no limit to initiative, help is always welcome.<\/li>\n \t<li>Each volunteer will receive a volunteer contract. If necessary, we will also confirm your school experience.<\/li>\n \t<li>We will provide you with a drink and lunch so that you are neither hungry nor thirsty.<\/li>\n \t<li class=\"translation-block\">Accommodation is provided <strong>from 12.6.2025 - 15.6.2025<\/strong><\/li>\n \t<li>Everyone gets a ticket for the whole festival.<\/li>\n \t<li>As a volunteer, you will be given a clear work schedule to start your shifts and a contact list for all the people you need.<\/li>\n<\/ul>\t\t\t\t\t\t\t\t<\/div>\n\t\t\t\t<\/div>\n\t\t\t\t<div class=\"elementor-element elementor-element-aee3486 elementor-widget elementor-widget-heading\" data-id=\"aee3486\" data-element_type=\"widget\" data-e-type=\"widget\" data-widget_type=\"heading.default\">\n\t\t\t\t<div class=\"elementor-widget-container\">\n\t\t\t\t\t<h2 class=\"elementor-heading-title elementor-size-default\">What do we expect from you?<\/h2>\t\t\t\t<\/div>\n\t\t\t\t<\/div>\n\t\t\t\t<div class=\"elementor-element elementor-element-0f56be6 elementor-hidden-mobile elementor-widget elementor-widget-image\" data-id=\"0f56be6\" data-element_type=\"widget\" data-e-type=\"widget\" data-widget_type=\"image.default\">\n\t\t\t\t<div class=\"elementor-widget-container\">\n\t\t\t\t\t\t\t\t\t\t\t\t\t\t\t<img decoding=\"async\" width=\"1336\" height=\"500\" data-src=\"https:\/\/www.hviezdnenoci.sk\/wp-content\/uploads\/2025\/04\/11111.jpg\" class=\"attachment-full size-full wp-image-1672 lazyload\" alt=\"\" data-srcset=\"https:\/\/www.hviezdnenoci.sk\/wp-content\/uploads\/2025\/04\/11111.jpg 1336w, https:\/\/www.hviezdnenoci.sk\/wp-content\/uploads\/2025\/04\/11111-300x112.jpg 300w, https:\/\/www.hviezdnenoci.sk\/wp-content\/uploads\/2025\/04\/11111-1024x383.jpg 1024w, https:\/\/www.hviezdnenoci.sk\/wp-content\/uploads\/2025\/04\/11111-768x287.jpg 768w\" data-sizes=\"(max-width: 1336px) 100vw, 1336px\" src=\"data:image\/svg+xml;base64,PHN2ZyB3aWR0aD0iMSIgaGVpZ2h0PSIxIiB4bWxucz0iaHR0cDovL3d3dy53My5vcmcvMjAwMC9zdmciPjwvc3ZnPg==\" style=\"--smush-placeholder-width: 1336px; --smush-placeholder-aspect-ratio: 1336\/500;\" \/>\t\t\t\t\t\t\t\t\t\t\t\t\t\t\t<\/div>\n\t\t\t\t<\/div>\n\t\t\t\t<div class=\"elementor-element elementor-element-c1b8b44 elementor-hidden-widescreen elementor-hidden-desktop elementor-hidden-laptop elementor-hidden-tablet_extra elementor-hidden-tablet elementor-hidden-mobile_extra elementor-widget elementor-widget-image\" data-id=\"c1b8b44\" data-element_type=\"widget\" data-e-type=\"widget\" data-widget_type=\"image.default\">\n\t\t\t\t<div class=\"elementor-widget-container\">\n\t\t\t\t\t\t\t\t\t\t\t\t\t\t\t<img decoding=\"async\" width=\"512\" height=\"512\" data-src=\"https:\/\/www.hviezdnenoci.sk\/wp-content\/uploads\/2025\/04\/nndsdad.jpg\" class=\"attachment-full size-full wp-image-1673 lazyload\" alt=\"\" data-srcset=\"https:\/\/www.hviezdnenoci.sk\/wp-content\/uploads\/2025\/04\/nndsdad.jpg 512w, https:\/\/www.hviezdnenoci.sk\/wp-content\/uploads\/2025\/04\/nndsdad-300x300.jpg 300w, https:\/\/www.hviezdnenoci.sk\/wp-content\/uploads\/2025\/04\/nndsdad-150x150.jpg 150w\" data-sizes=\"(max-width: 512px) 100vw, 512px\" src=\"data:image\/svg+xml;base64,PHN2ZyB3aWR0aD0iMSIgaGVpZ2h0PSIxIiB4bWxucz0iaHR0cDovL3d3dy53My5vcmcvMjAwMC9zdmciPjwvc3ZnPg==\" style=\"--smush-placeholder-width: 512px; --smush-placeholder-aspect-ratio: 512\/512;\" \/>\t\t\t\t\t\t\t\t\t\t\t\t\t\t\t<\/div>\n\t\t\t\t<\/div>\n\t\t\t\t<div class=\"elementor-element elementor-element-690fc9b elementor-widget elementor-widget-text-editor\" data-id=\"690fc9b\" data-element_type=\"widget\" data-e-type=\"widget\" id=\"pravidla\" data-widget_type=\"text-editor.default\">\n\t\t\t\t<div class=\"elementor-widget-container\">\n\t\t\t\t\t\t\t\t\t<ul>\n \t<li class=\"translation-block\">Volunteer must be <strong>16 years of age<\/strong> by the volunteer start date of June 13, 2025.<\/li>\n \t<li>Active participation, pleasant demeanor, organizational assistance and teamwork.<\/li>\n \t<li>The volunteer must be punctual and responsible.<\/li>\n \t<li>As a member of the team, you should represent the festival with your performance.<\/li>\n \t<li>By submitting the form, you agree to abide by all the terms and conditions and your behaviour will be in accordance with the points listed.<\/li>\n \t<li><strong>You must not be under the influence of alcohol or other drugs during your shift.<\/strong><\/li>\n \t<li>You agree to be available throughout the festival, to approach your work conscientiously and to respect the requirements and regulations of the Volunteer Coordinator.<\/li>\n \t<li>If you need further information, please do not hesitate to contact us:<\/li>\n<\/ul>\t\t\t\t\t\t\t\t<\/div>\n\t\t\t\t<\/div>\n\t\t\t\t<div class=\"elementor-element elementor-element-ec166fd elementor-widget elementor-widget-heading\" data-id=\"ec166fd\" data-element_type=\"widget\" data-e-type=\"widget\" data-widget_type=\"heading.default\">\n\t\t\t\t<div class=\"elementor-widget-container\">\n\t\t\t\t\t<h2 class=\"elementor-heading-title elementor-size-default\">Volunteer coordinators<\/h2>\t\t\t\t<\/div>\n\t\t\t\t<\/div>\n\t\t\t\t<div class=\"elementor-element elementor-element-ff2a37d elementor-widget elementor-widget-heading\" data-id=\"ff2a37d\" data-element_type=\"widget\" data-e-type=\"widget\" id=\"kontakt\" data-widget_type=\"heading.default\">\n\t\t\t\t<div class=\"elementor-widget-container\">\n\t\t\t\t\t<h2 class=\"elementor-heading-title elementor-size-default\">Karol\u00edna Majkov\u00e1\n<br><span style=\"font-family: 'Montserrat'\">+421 915 649 008<\/span><br>karolinka.majkova@gmail.com\n<br>IG: karolina_majkova \n<br>\n<br>Jozef Trnka\n<br><span style=\"font-family: 'Montserrat'\">+421 944 100 366<\/span><\/h2>\t\t\t\t<\/div>\n\t\t\t\t<\/div>\n\t\t\t\t\t<\/div>\n\t\t\t\t<\/div>\n\t\t\t\t<\/div>","protected":false},"excerpt":{"rendered":"<p>Dobrovo\u013en\u00edkov potrebujeme ako so\u013e\ud83e\uddc2! Kontakt Formul\u00e1r Pravidl\u00e1 Chce\u0161 by\u0165 s\u00fa\u010das\u0165ou Festivalu Hviezdne noci v \u017diline ? Pridaj sa do dobrovo\u013en\u00edckeho t\u00edmu a za\u017eije\u0161 plno z\u00e1bavy, vysk\u00fa\u0161a\u0161 si pr\u00e1ce r\u00f4zneho druhu, spozn\u00e1\u0161 nov\u00fdch \u013eud\u00ed, za\u017eije\u0161 skvel\u00e9 vyst\u00fapenia od slovensk\u00fdch aj zahrani\u010dn\u00fdch interpretov.\u00a0 Vyplnen\u00edm formul\u00e1ru dochut\u00ed\u0161 festival Hviezdne noci v \u017diline svojou pr\u00edtomnos\u0165ou. \u010cak\u00e1 \u0165a dvojica koordin\u00e1torov [&hellip;]<\/p>\n","protected":false},"author":1,"featured_media":0,"parent":0,"menu_order":0,"comment_status":"closed","ping_status":"closed","template":"elementor_header_footer","meta":{"_acf_changed":false,"inline_featured_image":false,"footnotes":""},"class_list":["post-1568","page","type-page","status-publish","hentry"],"acf":[],"_links":{"self":[{"href":"https:\/\/www.hviezdnenoci.sk\/en\/wp-json\/wp\/v2\/pages\/1568","targetHints":{"allow":["GET"]}}],"collection":[{"href":"https:\/\/www.hviezdnenoci.sk\/en\/wp-json\/wp\/v2\/pages"}],"about":[{"href":"https:\/\/www.hviezdnenoci.sk\/en\/wp-json\/wp\/v2\/types\/page"}],"author":[{"embeddable":true,"href":"https:\/\/www.hviezdnenoci.sk\/en\/wp-json\/wp\/v2\/users\/1"}],"replies":[{"embeddable":true,"href":"https:\/\/www.hviezdnenoci.sk\/en\/wp-json\/wp\/v2\/comments?post=1568"}],"version-history":[{"count":117,"href":"https:\/\/www.hviezdnenoci.sk\/en\/wp-json\/wp\/v2\/pages\/1568\/revisions"}],"predecessor-version":[{"id":2577,"href":"https:\/\/www.hviezdnenoci.sk\/en\/wp-json\/wp\/v2\/pages\/1568\/revisions\/2577"}],"wp:attachment":[{"href":"https:\/\/www.hviezdnenoci.sk\/en\/wp-json\/wp\/v2\/media?parent=1568"}],"curies":[{"name":"wp","href":"https:\/\/api.w.org\/{rel}","templated":true}]}}